{"id":196,"date":"2019-01-03T15:37:00","date_gmt":"2019-01-03T20:37:00","guid":{"rendered":"https:\/\/sanangel.com.co\/bogota-new\/finalizar-compra\/"},"modified":"2020-01-17T18:27:21","modified_gmt":"2020-01-17T23:27:21","slug":"finalizar-compra","status":"publish","type":"page","link":"https:\/\/sanangel.com.co\/bogota\/finalizar-compra\/","title":{"rendered":"Finalizar compra"},"content":{"rendered":"<p>[vc_row css=&#8221;.vc_custom_1579040209707{padding-top: 40px !important;padding-right: 8% !important;padding-bottom: 40px !important;padding-left: 8% !important;}&#8221;][vc_column]<div class=\"woocommerce\"><div class=\"woocommerce-notices-wrapper\"><\/div><div class=\"woocommerce-form-login-toggle\">\n\t\n\t<div class=\"woocommerce-info\">\n\t\t\u00bfYa eres cliente? <a href=\"#\" class=\"showlogin\">Haz clic aqu\u00ed para acceder<\/a>\t<\/div>\n<\/div>\n<form class=\"woocommerce-form woocommerce-form-login login\" method=\"post\" style=\"display:none;\">\n\n\t\n\t<p>Si ya eres cliente, por favor, rellena tus datos a continuaci\u00f3n. Si eres un nuevo cliente, contin\u00faa en la secci\u00f3n de facturaci\u00f3n.<\/p>\n\n\t<p class=\"form-row form-row-first\">\n\t\t<label for=\"username\">Nombre de usuario o correo electr\u00f3nico&nbsp;<span class=\"required\">*<\/span><\/label>\n\t\t<input type=\"text\" class=\"input-text\" name=\"username\" id=\"username\" autocomplete=\"username\" \/>\n\t<\/p>\n\t<p class=\"form-row form-row-last\">\n\t\t<label for=\"password\">Contrase\u00f1a&nbsp;<span class=\"required\">*<\/span><\/label>\n\t\t<input class=\"input-text woocommerce-Input\" type=\"password\" name=\"password\" id=\"password\" autocomplete=\"current-password\" \/>\n\t<\/p>\n\t<div class=\"clear\"><\/div>\n\n\t\n\t<p class=\"form-row\">\n\t\t<label class=\"woocommerce-form__label woocommerce-form__label-for-checkbox woocommerce-form-login__rememberme\">\n\t\t\t<input class=\"woocommerce-form__input woocommerce-form__input-checkbox\" name=\"rememberme\" type=\"checkbox\" id=\"rememberme\" value=\"forever\" \/> <span>Recu\u00e9rdame<\/span>\n\t\t<\/label>\n\t\t<input type=\"hidden\" id=\"woocommerce-login-nonce\" name=\"woocommerce-login-nonce\" value=\"761d8bfcd7\" \/><input type=\"hidden\" name=\"_wp_http_referer\" value=\"\/bogota\/wp-json\/wp\/v2\/pages\/196\" \/>\t\t<input type=\"hidden\" name=\"redirect\" value=\"https:\/\/sanangel.com.co\/bogota\/finalizar-compra\/\" \/>\n\t\t<button type=\"submit\" class=\"woocommerce-button button woocommerce-form-login__submit\" name=\"login\" value=\"Acceder\">Acceder<\/button>\n\t<\/p>\n\t<p class=\"lost_password\">\n\t\t<a href=\"https:\/\/sanangel.com.co\/bogota\/mi-cuenta\/lost-password\/\">\u00bfOlvidaste la contrase\u00f1a?<\/a>\n\t<\/p>\n\n\t<div class=\"clear\"><\/div>\n\n\t\n<\/form>\n<div class=\"woocommerce-form-coupon-toggle\">\n\t\n\t<div class=\"woocommerce-info\">\n\t\t\u00bfTienes un cup\u00f3n? <a href=\"#\" class=\"showcoupon\">Haz clic aqu\u00ed para introducir tu c\u00f3digo<\/a>\t<\/div>\n<\/div>\n\n<form class=\"checkout_coupon woocommerce-form-coupon\" method=\"post\" style=\"display:none\">\n\n\t<p>Si tienes un c\u00f3digo de cup\u00f3n, por favor, apl\u00edcalo abajo.<\/p>\n\n\t<p class=\"form-row form-row-first\">\n\t\t<label for=\"coupon_code\" class=\"screen-reader-text\">Cup\u00f3n:<\/label>\n\t\t<input type=\"text\" name=\"coupon_code\" class=\"input-text\" placeholder=\"C\u00f3digo de cup\u00f3n\" id=\"coupon_code\" value=\"\" \/>\n\t<\/p>\n\n\t<p class=\"form-row form-row-last\">\n\t\t<button type=\"submit\" class=\"button\" name=\"apply_coupon\" value=\"Aplicar cup\u00f3n\">Aplicar cup\u00f3n<\/button>\n\t<\/p>\n\n\t<div class=\"clear\"><\/div>\n<\/form>\n<div class=\"woocommerce-notices-wrapper\"><\/div>\n<form name=\"checkout\" method=\"post\" class=\"checkout woocommerce-checkout\" action=\"https:\/\/sanangel.com.co\/bogota\/finalizar-compra\/\" enctype=\"multipart\/form-data\">\n\n\t\n\t\t\n\t\t<div class=\"col2-set\" id=\"customer_details\">\n\t\t\t<div class=\"col-1\">\n\t\t\t\t<div class=\"woocommerce-billing-fields\">\n\t\n\t\t<h3>Informaci\u00f3n del cliente<\/h3>\n\n\t\n\t\n\t<div class=\"woocommerce-billing-fields__field-wrapper\">\n\t\t<div class=\"input-field \" id=\"extra_field\" data-priority=\"\"><span class=\"woocommerce-input-wrapper\"><input type=\"text\" class=\"input-text \" name=\"extra\" id=\"extra\" placeholder=\"\"  value=\"\"  \/><\/span><\/div><div class=\"input-field \" id=\"fields_field\" data-priority=\"\"><span class=\"woocommerce-input-wrapper\"><input type=\"text\" class=\"input-text \" name=\"fields\" id=\"fields\" placeholder=\"\"  value=\"\"  \/><\/span><\/div>\t<\/div>\n\n\t<\/div>\n\n\t<div class=\"woocommerce-account-fields\">\n\t\t\n\t\t\t<p class=\"form-row form-row-wide create-account\">\n\t\t\t\t<label class=\"woocommerce-form__label woocommerce-form__label-for-checkbox checkbox\">\n\t\t\t\t\t<input class=\"woocommerce-form__input woocommerce-form__input-checkbox input-checkbox\" id=\"createaccount\"  type=\"checkbox\" name=\"createaccount\" value=\"1\" \/> <span>\u00bfCrear una cuenta?<\/span>\n\t\t\t\t<\/label>\n\t\t\t<\/p>\n\n\t\t\n\t\t\n\t\t\n\t\t\t<\/div>\n\t\t\t<\/div>\n\n\t\t\t<div class=\"col-2\">\n\t\t\t\t<div class=\"woocommerce-shipping-fields\">\n\t<\/div>\n<div class=\"woocommerce-additional-fields\">\n\t\n\t\n\t\t\n\t\t\t<h3>Informaci\u00f3n adicional<\/h3>\n\n\t\t\n\t\t<div class=\"woocommerce-additional-fields__field-wrapper\">\n\t\t\t\t\t\t\t<div class=\"input-field \" id=\"extra_field\" data-priority=\"\"><span class=\"woocommerce-input-wrapper\"><input type=\"text\" class=\"input-text \" name=\"extra\" id=\"extra\" placeholder=\"\"  value=\"\"  \/><\/span><\/div>\t\t\t\t\t\t\t<div class=\"input-field \" id=\"fields_field\" data-priority=\"\"><span class=\"woocommerce-input-wrapper\"><input type=\"text\" class=\"input-text \" name=\"fields\" id=\"fields\" placeholder=\"\"  value=\"\"  \/><\/span><\/div>\t\t\t\t\t<\/div>\n\n\t\n\t<\/div>\n\t\t\t<\/div>\n\t\t<\/div>\n\n\t\t\n\t\t\n\t\t\n\t<h3 id=\"order_review_heading\">Tu pedido<\/h3>\n\t\n\t\n\t<div id=\"order_review\" class=\"woocommerce-checkout-review-order\">\n\t\t<table class=\"shop_table woocommerce-checkout-review-order-table\">\n\t<thead>\n\t\t<tr>\n\t\t\t<th class=\"product-name\">Producto<\/th>\n\t\t\t<th class=\"product-total\">Subtotal<\/th>\n\t\t<\/tr>\n\t<\/thead>\n\t<tbody>\n\t\t\t<\/tbody>\n\t<tfoot>\n\n\t\t<tr class=\"cart-subtotal\">\n\t\t\t<th>Subtotal<\/th>\n\t\t\t<td><span class=\"woocommerce-Price-amount amount\"><bdi><span class=\"woocommerce-Price-currencySymbol\">&#36;<\/span>0<\/bdi><\/span><\/td>\n\t\t<\/tr>\n\n\t\t\n\t\t\n\t\t\n\t\t\n\t\t\n\t\t<tr class=\"order-total\">\n\t\t\t<th>Total<\/th>\n\t\t\t<td><strong><span class=\"woocommerce-Price-amount amount\"><bdi><span class=\"woocommerce-Price-currencySymbol\">&#36;<\/span>0<\/bdi><\/span><\/strong> <\/td>\n\t\t<\/tr>\n\n\t\t\n\t<\/tfoot>\n<\/table>\n<div id=\"payment\" class=\"woocommerce-checkout-payment\">\n\t\t<div class=\"form-row place-order\">\n\t\t<noscript>\n\t\t\tDebido a que tu navegador no es compatible con JavaScript o lo tiene desactivado, por favor, aseg\u00farate de hacer clic en el bot\u00f3n <em>Actualizar totales<\/em> antes de realizar tu pedido. De no hacerlo, se te podr\u00eda cobrar m\u00e1s de la cantidad indicada arriba.\t\t\t<br\/><button type=\"submit\" class=\"button alt\" name=\"woocommerce_checkout_update_totals\" value=\"Actualizar totales\">Actualizar totales<\/button>\n\t\t<\/noscript>\n\n\t\t\t<div class=\"woocommerce-terms-and-conditions-wrapper\">\n\t\t<div class=\"woocommerce-privacy-policy-text\"><p>Tus datos personales se utilizar\u00e1n para procesar tu pedido, mejorar tu experiencia en esta web y otros prop\u00f3sitos descritos en nuestra <a href=\"https:\/\/sanangel.com.co\/bogota\/?page_id=3\" class=\"woocommerce-privacy-policy-link\" target=\"_blank\">pol\u00edtica de privacidad<\/a>.<\/p>\n<p>Al realizar tu pedido aceptas nuestros <a href=\"https:\/\/sanangel.com.co\/wp-content\/uploads\/2019\/07\/politicas-de-uso.pdf\" class=\"woocommerce-terms-and-conditions-link\" target=\"_blank\"><strong>t\u00e9rminos y condiciones<\/strong><\/a><\/p>\n<\/div>\n\t\t\t<\/div>\n\t\n\t\t\n\t\t<button type=\"submit\" class=\"button alt\" name=\"woocommerce_checkout_place_order\" id=\"place_order\" value=\"Realizar el pedido\" data-value=\"Realizar el pedido\">Realizar el pedido<\/button>\n\t\t\n\t\t<input type=\"hidden\" id=\"woocommerce-process-checkout-nonce\" name=\"woocommerce-process-checkout-nonce\" value=\"efcefb3ee3\" \/><input type=\"hidden\" name=\"_wp_http_referer\" value=\"\/bogota\/wp-json\/wp\/v2\/pages\/196\" \/>\t<\/div>\n<\/div>\n\t<\/div>\n\n\t\n<\/form>\n\n<\/div>[\/vc_column][\/vc_row]<\/p>\n","protected":false},"excerpt":{"rendered":"<p>[vc_row css=&#8221;.vc_custom_1579040209707{padding-top: 40px !important;padding-right: 8% !important;padding-bottom: 40px !important;padding-left: 8% !important;}&#8221;][vc_column][\/vc_column][\/vc_row]<\/p>\n","protected":false},"author":1,"featured_media":0,"parent":0,"menu_order":0,"comment_status":"closed","ping_status":"closed","template":"","meta":[],"yoast_head":"<!-- This site is optimized with the Yoast SEO plugin v20.12 - https:\/\/yoast.com\/wordpress\/plugins\/seo\/ -->\n<title>Finalizar compra - San Angel Flores Bogot\u00e1<\/title>\n<meta name=\"robots\" content=\"index, follow, max-snippet:-1, max-image-preview:large, max-video-preview:-1\" \/>\n<link rel=\"canonical\" href=\"https:\/\/sanangel.com.co\/bogota\/finalizar-compra\/\" \/>\n<meta property=\"og:locale\" content=\"es_ES\" \/>\n<meta property=\"og:type\" content=\"article\" \/>\n<meta property=\"og:title\" content=\"Finalizar compra - San Angel Flores Bogot\u00e1\" \/>\n<meta property=\"og:description\" content=\"[vc_row css=&#8221;.vc_custom_1579040209707{padding-top: 40px !important;padding-right: 8% !important;padding-bottom: 40px !important;padding-left: 8% !important;}&#8221;][vc_column][\/vc_column][\/vc_row]\" \/>\n<meta property=\"og:url\" content=\"https:\/\/sanangel.com.co\/bogota\/finalizar-compra\/\" \/>\n<meta property=\"og:site_name\" content=\"San Angel Flores Bogot\u00e1\" \/>\n<meta property=\"article:publisher\" content=\"http:\/\/facebook.com\/sanangelflores\" \/>\n<meta property=\"article:modified_time\" content=\"2020-01-17T23:27:21+00:00\" \/>\n<meta name=\"twitter:card\" content=\"summary_large_image\" \/>\n<script type=\"application\/ld+json\" class=\"yoast-schema-graph\">{\"@context\":\"https:\/\/schema.org\",\"@graph\":[{\"@type\":\"WebPage\",\"@id\":\"https:\/\/sanangel.com.co\/bogota\/finalizar-compra\/\",\"url\":\"https:\/\/sanangel.com.co\/bogota\/finalizar-compra\/\",\"name\":\"Finalizar compra - San Angel Flores Bogot\u00e1\",\"isPartOf\":{\"@id\":\"https:\/\/sanangel.com.co\/bogota\/#website\"},\"datePublished\":\"2019-01-03T20:37:00+00:00\",\"dateModified\":\"2020-01-17T23:27:21+00:00\",\"breadcrumb\":{\"@id\":\"https:\/\/sanangel.com.co\/bogota\/finalizar-compra\/#breadcrumb\"},\"inLanguage\":\"es\",\"potentialAction\":[{\"@type\":\"ReadAction\",\"target\":[\"https:\/\/sanangel.com.co\/bogota\/finalizar-compra\/\"]}]},{\"@type\":\"BreadcrumbList\",\"@id\":\"https:\/\/sanangel.com.co\/bogota\/finalizar-compra\/#breadcrumb\",\"itemListElement\":[{\"@type\":\"ListItem\",\"position\":1,\"name\":\"Portada\",\"item\":\"https:\/\/sanangel.com.co\/bogota\/\"},{\"@type\":\"ListItem\",\"position\":2,\"name\":\"Finalizar compra\"}]},{\"@type\":\"WebSite\",\"@id\":\"https:\/\/sanangel.com.co\/bogota\/#website\",\"url\":\"https:\/\/sanangel.com.co\/bogota\/\",\"name\":\"Floristerias en Bogota, Flores a domicilio\",\"description\":\"Flores Bogot\u00e1 - San Angel\",\"publisher\":{\"@id\":\"https:\/\/sanangel.com.co\/bogota\/#organization\"},\"alternateName\":\"San Angel Bogot\u00e1\",\"potentialAction\":[{\"@type\":\"SearchAction\",\"target\":{\"@type\":\"EntryPoint\",\"urlTemplate\":\"https:\/\/sanangel.com.co\/bogota\/?s={search_term_string}\"},\"query-input\":\"required name=search_term_string\"}],\"inLanguage\":\"es\"},{\"@type\":\"Organization\",\"@id\":\"https:\/\/sanangel.com.co\/bogota\/#organization\",\"name\":\"San Angel\",\"url\":\"https:\/\/sanangel.com.co\/bogota\/\",\"logo\":{\"@type\":\"ImageObject\",\"inLanguage\":\"es\",\"@id\":\"https:\/\/sanangel.com.co\/bogota\/#\/schema\/logo\/image\/\",\"url\":\"https:\/\/sanangel.com.co\/bogota\/wp-content\/uploads\/2019\/06\/san-angel-mas-que-un-mensaje-muchos-sentimientos.jpg\",\"contentUrl\":\"https:\/\/sanangel.com.co\/bogota\/wp-content\/uploads\/2019\/06\/san-angel-mas-que-un-mensaje-muchos-sentimientos.jpg\",\"width\":400,\"height\":612,\"caption\":\"San Angel\"},\"image\":{\"@id\":\"https:\/\/sanangel.com.co\/bogota\/#\/schema\/logo\/image\/\"},\"sameAs\":[\"http:\/\/facebook.com\/sanangelflores\",\"http:\/\/instagram.com\/sanangelflores\"]}]}<\/script>\n<!-- \/ Yoast SEO plugin. -->","yoast_head_json":{"title":"Finalizar compra - San Angel Flores Bogot\u00e1","robots":{"index":"index","follow":"follow","max-snippet":"max-snippet:-1","max-image-preview":"max-image-preview:large","max-video-preview":"max-video-preview:-1"},"canonical":"https:\/\/sanangel.com.co\/bogota\/finalizar-compra\/","og_locale":"es_ES","og_type":"article","og_title":"Finalizar compra - San Angel Flores Bogot\u00e1","og_description":"[vc_row css=&#8221;.vc_custom_1579040209707{padding-top: 40px !important;padding-right: 8% !important;padding-bottom: 40px !important;padding-left: 8% !important;}&#8221;][vc_column][\/vc_column][\/vc_row]","og_url":"https:\/\/sanangel.com.co\/bogota\/finalizar-compra\/","og_site_name":"San Angel Flores Bogot\u00e1","article_publisher":"http:\/\/facebook.com\/sanangelflores","article_modified_time":"2020-01-17T23:27:21+00:00","twitter_card":"summary_large_image","schema":{"@context":"https:\/\/schema.org","@graph":[{"@type":"WebPage","@id":"https:\/\/sanangel.com.co\/bogota\/finalizar-compra\/","url":"https:\/\/sanangel.com.co\/bogota\/finalizar-compra\/","name":"Finalizar compra - San Angel Flores Bogot\u00e1","isPartOf":{"@id":"https:\/\/sanangel.com.co\/bogota\/#website"},"datePublished":"2019-01-03T20:37:00+00:00","dateModified":"2020-01-17T23:27:21+00:00","breadcrumb":{"@id":"https:\/\/sanangel.com.co\/bogota\/finalizar-compra\/#breadcrumb"},"inLanguage":"es","potentialAction":[{"@type":"ReadAction","target":["https:\/\/sanangel.com.co\/bogota\/finalizar-compra\/"]}]},{"@type":"BreadcrumbList","@id":"https:\/\/sanangel.com.co\/bogota\/finalizar-compra\/#breadcrumb","itemListElement":[{"@type":"ListItem","position":1,"name":"Portada","item":"https:\/\/sanangel.com.co\/bogota\/"},{"@type":"ListItem","position":2,"name":"Finalizar compra"}]},{"@type":"WebSite","@id":"https:\/\/sanangel.com.co\/bogota\/#website","url":"https:\/\/sanangel.com.co\/bogota\/","name":"Floristerias en Bogota, Flores a domicilio","description":"Flores Bogot\u00e1 - San Angel","publisher":{"@id":"https:\/\/sanangel.com.co\/bogota\/#organization"},"alternateName":"San Angel Bogot\u00e1","potentialAction":[{"@type":"SearchAction","target":{"@type":"EntryPoint","urlTemplate":"https:\/\/sanangel.com.co\/bogota\/?s={search_term_string}"},"query-input":"required name=search_term_string"}],"inLanguage":"es"},{"@type":"Organization","@id":"https:\/\/sanangel.com.co\/bogota\/#organization","name":"San Angel","url":"https:\/\/sanangel.com.co\/bogota\/","logo":{"@type":"ImageObject","inLanguage":"es","@id":"https:\/\/sanangel.com.co\/bogota\/#\/schema\/logo\/image\/","url":"https:\/\/sanangel.com.co\/bogota\/wp-content\/uploads\/2019\/06\/san-angel-mas-que-un-mensaje-muchos-sentimientos.jpg","contentUrl":"https:\/\/sanangel.com.co\/bogota\/wp-content\/uploads\/2019\/06\/san-angel-mas-que-un-mensaje-muchos-sentimientos.jpg","width":400,"height":612,"caption":"San Angel"},"image":{"@id":"https:\/\/sanangel.com.co\/bogota\/#\/schema\/logo\/image\/"},"sameAs":["http:\/\/facebook.com\/sanangelflores","http:\/\/instagram.com\/sanangelflores"]}]}},"_links":{"self":[{"href":"https:\/\/sanangel.com.co\/bogota\/wp-json\/wp\/v2\/pages\/196"}],"collection":[{"href":"https:\/\/sanangel.com.co\/bogota\/wp-json\/wp\/v2\/pages"}],"about":[{"href":"https:\/\/sanangel.com.co\/bogota\/wp-json\/wp\/v2\/types\/page"}],"author":[{"embeddable":true,"href":"https:\/\/sanangel.com.co\/bogota\/wp-json\/wp\/v2\/users\/1"}],"replies":[{"embeddable":true,"href":"https:\/\/sanangel.com.co\/bogota\/wp-json\/wp\/v2\/comments?post=196"}],"version-history":[{"count":2,"href":"https:\/\/sanangel.com.co\/bogota\/wp-json\/wp\/v2\/pages\/196\/revisions"}],"predecessor-version":[{"id":6087,"href":"https:\/\/sanangel.com.co\/bogota\/wp-json\/wp\/v2\/pages\/196\/revisions\/6087"}],"wp:attachment":[{"href":"https:\/\/sanangel.com.co\/bogota\/wp-json\/wp\/v2\/media?parent=196"}],"curies":[{"name":"wp","href":"https:\/\/api.w.org\/{rel}","templated":true}]}}