{"id":6346,"date":"2020-02-03T12:22:55","date_gmt":"2020-02-03T17:22:55","guid":{"rendered":"https:\/\/sanangel.com.co\/bogota-new\/?page_id=6346"},"modified":"2024-12-04T11:55:16","modified_gmt":"2024-12-04T16:55:16","slug":"nosotros","status":"publish","type":"page","link":"https:\/\/sanangel.com.co\/bogota\/nosotros\/","title":{"rendered":"Nosotros"},"content":{"rendered":"<p>[vc_row full_width=&#8221;stretch_row&#8221; css_animation=&#8221;bounceInUp&#8221;][vc_column][vc_empty_space height=&#8221;45px&#8221;][vc_row_inner css=&#8221;.vc_custom_1580752352582{padding-right: 4% !important;padding-left: 4% !important;}&#8221; el_class=&#8221;about_description&#8221;][vc_column_inner width=&#8221;1\/2&#8243;][vc_single_image image=&#8221;114&#8243; img_size=&#8221;full&#8221; alignment=&#8221;center&#8221;][\/vc_column_inner][vc_column_inner width=&#8221;1\/2&#8243;][vc_column_text]<\/p>\n<h1>Florister\u00eda San Angel<\/h1>\n<p>[\/vc_column_text][vc_column_text]<\/p>\n<h2>Florister\u00eda Bogot\u00e1<\/h2>\n<p>[\/vc_column_text][vc_column_text]San Angel florister\u00edas Bogot\u00e1 nace despu\u00e9s de alcanzar 5 a\u00f1os de experiencia en la ciudad de Medell\u00edn y entregar cientos de arreglos florales con \u00e9xito, muchos de nuestros clientes nos ped\u00edan llegar a la ciudad de Bogot\u00e1 y decidimos emprender con San Angel Bogot\u00e1. Por nuestro modelo de negocios basado en nuestra plataforma web, en la ciudad de Bogot\u00e1 no tenemos atenci\u00f3n al publico, en nuestro taller ubicado en el barrio Polo Club, realizamos arreglos florales con flores hermosas y las enviamos a domicilio a casi todas las localidades de Bogot\u00e1, incluidas Usaqu\u00e9n, Suba, Chapinero, Barrios Unidos, Teusaquillo, Engativ\u00e1, Fontib\u00f3n, Puente Aranda, Candelaria, M\u00e1rtires, Antonio Nari\u00f1o, Kennedy, Bosa, Rafael Uribe, Usme, San Crist\u00f3bal, Tunjuelito, Ciudad Bol\u00edvar. Adem\u00e1s nuestra entrega a domicilio es Gratis!<\/p>\n<p>Estamos seguros que con nuestros arreglos florales transmitir\u00e1 lo que que siente y piensa. En nuestro catalogo contamos con arreglos florales especiales para todo tipo de ocasi\u00f3n. En San Angel floristerias Bogot\u00e1 va a encontrar las m\u00e1s hermosas flores seleccionadas cuidadosamente por nuestras floristas con los que creamos ramos de flores que le har\u00e1n brillar. En nuestro catalogo contamos con ramos de rosas, ramos de flores tropicales, anchetas y arreglos frutales, todos debidamente seleccionados para obtener lo mejor de las flores Bogot\u00e1. En San Angel floristerias Bogot\u00e1 es un honor transmitir sus sentimientos a trav\u00e9s de nuestros ramos de flores.<\/p>\n<p>En nuestras floristeria San Angel Bogota online puede pagar con tarjetas de cr\u00e9dito, sistema PSE, consignaci\u00f3n. No dude en enviar las flores mas hermosas.[\/vc_column_text][\/vc_column_inner][\/vc_row_inner][vc_empty_space height=&#8221;45px&#8221;][\/vc_column][\/vc_row]<\/p>\n","protected":false},"excerpt":{"rendered":"<p>[vc_row full_width=&#8221;stretch_row&#8221; css_animation=&#8221;bounceInUp&#8221;][vc_column][vc_empty_space height=&#8221;45px&#8221;][vc_row_inner css=&#8221;.vc_custom_1580752352582{padding-right: 4% !important;padding-left: 4% !important;}&#8221; el_class=&#8221;about_description&#8221;][vc_column_inner width=&#8221;1\/2&#8243;][vc_single_image image=&#8221;114&#8243; img_size=&#8221;full&#8221; alignment=&#8221;center&#8221;][\/vc_column_inner][vc_column_inner width=&#8221;1\/2&#8243;][vc_column_text] Florister\u00eda San Angel [\/vc_column_text][vc_column_text] Florister\u00eda Bogot\u00e1 [\/vc_column_text][vc_column_text]San Angel florister\u00edas Bogot\u00e1 nace despu\u00e9s de alcanzar 5 a\u00f1os de experiencia en la ciudad de Medell\u00edn y entregar cientos de arreglos florales con \u00e9xito, muchos de nuestros clientes nos ped\u00edan llegar a la [&hellip;]<\/p>\n","protected":false},"author":1,"featured_media":0,"parent":0,"menu_order":0,"comment_status":"closed","ping_status":"closed","template":"","meta":[],"yoast_head":"<!-- This site is optimized with the Yoast SEO plugin v20.12 - https:\/\/yoast.com\/wordpress\/plugins\/seo\/ -->\n<title>Sobre Floristeria San Angel Bogota - San Angel Flores Bogot\u00e1<\/title>\n<meta name=\"description\" content=\"San Angel florister\u00edas Bogot\u00e1 nace al alcanzar 5 a\u00f1os de experiencia realizando arreglos florales decidimos emprender con San Angel Bogot\u00e1.\" \/>\n<meta name=\"robots\" content=\"index, follow, max-snippet:-1, max-image-preview:large, max-video-preview:-1\" \/>\n<link rel=\"canonical\" href=\"https:\/\/sanangel.com.co\/bogota\/nosotros\/\" \/>\n<meta property=\"og:locale\" content=\"es_ES\" \/>\n<meta property=\"og:type\" content=\"article\" \/>\n<meta property=\"og:title\" content=\"Sobre Floristeria San Angel Bogota - San Angel Flores Bogot\u00e1\" \/>\n<meta property=\"og:description\" content=\"San Angel florister\u00edas Bogot\u00e1 nace al alcanzar 5 a\u00f1os de experiencia realizando arreglos florales decidimos emprender con San Angel Bogot\u00e1.\" \/>\n<meta property=\"og:url\" content=\"https:\/\/sanangel.com.co\/bogota\/nosotros\/\" \/>\n<meta property=\"og:site_name\" content=\"San Angel Flores Bogot\u00e1\" \/>\n<meta property=\"article:publisher\" content=\"http:\/\/facebook.com\/sanangelflores\" \/>\n<meta property=\"article:modified_time\" content=\"2024-12-04T16:55:16+00:00\" \/>\n<meta name=\"twitter:card\" content=\"summary_large_image\" \/>\n<meta name=\"twitter:label1\" content=\"Tiempo de lectura\" \/>\n\t<meta name=\"twitter:data1\" content=\"2 minutos\" \/>\n<script type=\"application\/ld+json\" class=\"yoast-schema-graph\">{\"@context\":\"https:\/\/schema.org\",\"@graph\":[{\"@type\":\"WebPage\",\"@id\":\"https:\/\/sanangel.com.co\/bogota\/nosotros\/\",\"url\":\"https:\/\/sanangel.com.co\/bogota\/nosotros\/\",\"name\":\"Sobre Floristeria San Angel Bogota - San Angel Flores Bogot\u00e1\",\"isPartOf\":{\"@id\":\"https:\/\/sanangel.com.co\/bogota\/#website\"},\"datePublished\":\"2020-02-03T17:22:55+00:00\",\"dateModified\":\"2024-12-04T16:55:16+00:00\",\"description\":\"San Angel florister\u00edas Bogot\u00e1 nace al alcanzar 5 a\u00f1os de experiencia realizando arreglos florales decidimos emprender con San Angel Bogot\u00e1.\",\"breadcrumb\":{\"@id\":\"https:\/\/sanangel.com.co\/bogota\/nosotros\/#breadcrumb\"},\"inLanguage\":\"es\",\"potentialAction\":[{\"@type\":\"ReadAction\",\"target\":[\"https:\/\/sanangel.com.co\/bogota\/nosotros\/\"]}]},{\"@type\":\"BreadcrumbList\",\"@id\":\"https:\/\/sanangel.com.co\/bogota\/nosotros\/#breadcrumb\",\"itemListElement\":[{\"@type\":\"ListItem\",\"position\":1,\"name\":\"Portada\",\"item\":\"https:\/\/sanangel.com.co\/bogota\/\"},{\"@type\":\"ListItem\",\"position\":2,\"name\":\"Nosotros\"}]},{\"@type\":\"WebSite\",\"@id\":\"https:\/\/sanangel.com.co\/bogota\/#website\",\"url\":\"https:\/\/sanangel.com.co\/bogota\/\",\"name\":\"Floristerias en Bogota, Flores a domicilio\",\"description\":\"Flores Bogot\u00e1 - San Angel\",\"publisher\":{\"@id\":\"https:\/\/sanangel.com.co\/bogota\/#organization\"},\"alternateName\":\"San Angel Bogot\u00e1\",\"potentialAction\":[{\"@type\":\"SearchAction\",\"target\":{\"@type\":\"EntryPoint\",\"urlTemplate\":\"https:\/\/sanangel.com.co\/bogota\/?s={search_term_string}\"},\"query-input\":\"required name=search_term_string\"}],\"inLanguage\":\"es\"},{\"@type\":\"Organization\",\"@id\":\"https:\/\/sanangel.com.co\/bogota\/#organization\",\"name\":\"San Angel\",\"url\":\"https:\/\/sanangel.com.co\/bogota\/\",\"logo\":{\"@type\":\"ImageObject\",\"inLanguage\":\"es\",\"@id\":\"https:\/\/sanangel.com.co\/bogota\/#\/schema\/logo\/image\/\",\"url\":\"https:\/\/sanangel.com.co\/bogota\/wp-content\/uploads\/2019\/06\/san-angel-mas-que-un-mensaje-muchos-sentimientos.jpg\",\"contentUrl\":\"https:\/\/sanangel.com.co\/bogota\/wp-content\/uploads\/2019\/06\/san-angel-mas-que-un-mensaje-muchos-sentimientos.jpg\",\"width\":400,\"height\":612,\"caption\":\"San Angel\"},\"image\":{\"@id\":\"https:\/\/sanangel.com.co\/bogota\/#\/schema\/logo\/image\/\"},\"sameAs\":[\"http:\/\/facebook.com\/sanangelflores\",\"http:\/\/instagram.com\/sanangelflores\"]}]}<\/script>\n<!-- \/ Yoast SEO plugin. -->","yoast_head_json":{"title":"Sobre Floristeria San Angel Bogota - San Angel Flores Bogot\u00e1","description":"San Angel florister\u00edas Bogot\u00e1 nace al alcanzar 5 a\u00f1os de experiencia realizando arreglos florales decidimos emprender con San Angel Bogot\u00e1.","robots":{"index":"index","follow":"follow","max-snippet":"max-snippet:-1","max-image-preview":"max-image-preview:large","max-video-preview":"max-video-preview:-1"},"canonical":"https:\/\/sanangel.com.co\/bogota\/nosotros\/","og_locale":"es_ES","og_type":"article","og_title":"Sobre Floristeria San Angel Bogota - San Angel Flores Bogot\u00e1","og_description":"San Angel florister\u00edas Bogot\u00e1 nace al alcanzar 5 a\u00f1os de experiencia realizando arreglos florales decidimos emprender con San Angel Bogot\u00e1.","og_url":"https:\/\/sanangel.com.co\/bogota\/nosotros\/","og_site_name":"San Angel Flores Bogot\u00e1","article_publisher":"http:\/\/facebook.com\/sanangelflores","article_modified_time":"2024-12-04T16:55:16+00:00","twitter_card":"summary_large_image","twitter_misc":{"Tiempo de lectura":"2 minutos"},"schema":{"@context":"https:\/\/schema.org","@graph":[{"@type":"WebPage","@id":"https:\/\/sanangel.com.co\/bogota\/nosotros\/","url":"https:\/\/sanangel.com.co\/bogota\/nosotros\/","name":"Sobre Floristeria San Angel Bogota - San Angel Flores Bogot\u00e1","isPartOf":{"@id":"https:\/\/sanangel.com.co\/bogota\/#website"},"datePublished":"2020-02-03T17:22:55+00:00","dateModified":"2024-12-04T16:55:16+00:00","description":"San Angel florister\u00edas Bogot\u00e1 nace al alcanzar 5 a\u00f1os de experiencia realizando arreglos florales decidimos emprender con San Angel Bogot\u00e1.","breadcrumb":{"@id":"https:\/\/sanangel.com.co\/bogota\/nosotros\/#breadcrumb"},"inLanguage":"es","potentialAction":[{"@type":"ReadAction","target":["https:\/\/sanangel.com.co\/bogota\/nosotros\/"]}]},{"@type":"BreadcrumbList","@id":"https:\/\/sanangel.com.co\/bogota\/nosotros\/#breadcrumb","itemListElement":[{"@type":"ListItem","position":1,"name":"Portada","item":"https:\/\/sanangel.com.co\/bogota\/"},{"@type":"ListItem","position":2,"name":"Nosotros"}]},{"@type":"WebSite","@id":"https:\/\/sanangel.com.co\/bogota\/#website","url":"https:\/\/sanangel.com.co\/bogota\/","name":"Floristerias en Bogota, Flores a domicilio","description":"Flores Bogot\u00e1 - San Angel","publisher":{"@id":"https:\/\/sanangel.com.co\/bogota\/#organization"},"alternateName":"San Angel Bogot\u00e1","potentialAction":[{"@type":"SearchAction","target":{"@type":"EntryPoint","urlTemplate":"https:\/\/sanangel.com.co\/bogota\/?s={search_term_string}"},"query-input":"required name=search_term_string"}],"inLanguage":"es"},{"@type":"Organization","@id":"https:\/\/sanangel.com.co\/bogota\/#organization","name":"San Angel","url":"https:\/\/sanangel.com.co\/bogota\/","logo":{"@type":"ImageObject","inLanguage":"es","@id":"https:\/\/sanangel.com.co\/bogota\/#\/schema\/logo\/image\/","url":"https:\/\/sanangel.com.co\/bogota\/wp-content\/uploads\/2019\/06\/san-angel-mas-que-un-mensaje-muchos-sentimientos.jpg","contentUrl":"https:\/\/sanangel.com.co\/bogota\/wp-content\/uploads\/2019\/06\/san-angel-mas-que-un-mensaje-muchos-sentimientos.jpg","width":400,"height":612,"caption":"San Angel"},"image":{"@id":"https:\/\/sanangel.com.co\/bogota\/#\/schema\/logo\/image\/"},"sameAs":["http:\/\/facebook.com\/sanangelflores","http:\/\/instagram.com\/sanangelflores"]}]}},"_links":{"self":[{"href":"https:\/\/sanangel.com.co\/bogota\/wp-json\/wp\/v2\/pages\/6346"}],"collection":[{"href":"https:\/\/sanangel.com.co\/bogota\/wp-json\/wp\/v2\/pages"}],"about":[{"href":"https:\/\/sanangel.com.co\/bogota\/wp-json\/wp\/v2\/types\/page"}],"author":[{"embeddable":true,"href":"https:\/\/sanangel.com.co\/bogota\/wp-json\/wp\/v2\/users\/1"}],"replies":[{"embeddable":true,"href":"https:\/\/sanangel.com.co\/bogota\/wp-json\/wp\/v2\/comments?post=6346"}],"version-history":[{"count":12,"href":"https:\/\/sanangel.com.co\/bogota\/wp-json\/wp\/v2\/pages\/6346\/revisions"}],"predecessor-version":[{"id":17469,"href":"https:\/\/sanangel.com.co\/bogota\/wp-json\/wp\/v2\/pages\/6346\/revisions\/17469"}],"wp:attachment":[{"href":"https:\/\/sanangel.com.co\/bogota\/wp-json\/wp\/v2\/media?parent=6346"}],"curies":[{"name":"wp","href":"https:\/\/api.w.org\/{rel}","templated":true}]}}