{"id":6370,"date":"2020-02-03T13:53:29","date_gmt":"2020-02-03T18:53:29","guid":{"rendered":"https:\/\/sanangel.com.co\/bogota-new\/?page_id=6370"},"modified":"2024-12-04T11:49:17","modified_gmt":"2024-12-04T16:49:17","slug":"faqs","status":"publish","type":"page","link":"https:\/\/sanangel.com.co\/bogota\/faqs\/","title":{"rendered":"FAQs"},"content":{"rendered":"<p>[vc_row css=&#8221;.vc_custom_1580756060549{padding-right: 4% !important;padding-left: 4% !important;}&#8221;][vc_column][vc_empty_space height=&#8221;45px&#8221;][vc_tta_accordion][vc_tta_section title=&#8221;\u00bfCual es el horario de atenci\u00f3n?&#8221; tab_id=&#8221;1580755725866-d6826533-d618&#8243;][vc_column_text]Nuestro horario de atenci\u00f3n es de lunes a viernes de 8:00 am a 5:00 pm. S\u00e1bados 8:00 am a 3:00 pm.[\/vc_column_text][\/vc_tta_section][vc_tta_section title=&#8221;\u00bfPuedo cambiar el color de las flores?&#8221; tab_id=&#8221;1580755725908-551ede8d-8bce&#8221;][vc_column_text]En la mayor\u00eda de los casos usted puede cambiar el color de las flores en el momento de la compra, el cambio de color se realizara de acuerdo a la existencia de la flor.[\/vc_column_text][\/vc_tta_section][vc_tta_section title=&#8221;\u00bfCuanto tarda el env\u00edo?&#8221; tab_id=&#8221;1580755802921-c5439834-aa13&#8243;][vc_column_text]Normalmente los env\u00edos tardan entre 2 y 3 horas despu\u00e9s de realizar el pedido pero no nos comprometemos con una hora exacta de entrega.[\/vc_column_text][\/vc_tta_section][vc_tta_section title=&#8221;\u00bfQu\u00e9 valor tiene el env\u00edo?&#8221; tab_id=&#8221;1580755833393-6ef8308f-0137&#8243;][vc_column_text]Los env\u00edos son GRATIS dentro de Bogot\u00e1.[\/vc_column_text][\/vc_tta_section][vc_tta_section title=&#8221;\u00bfA donde realizan env\u00edos?&#8221; tab_id=&#8221;1580755867136-0b87c177-4129&#8243;][vc_column_text]Realizamos env\u00edos dentro de Bogot\u00e1 y ademas prestamos nuestro servicio en la ciudad de Medell\u00edn y Cali.[\/vc_column_text][\/vc_tta_section][\/vc_tta_accordion][\/vc_column][\/vc_row]<\/p>\n","protected":false},"excerpt":{"rendered":"<p>[vc_row css=&#8221;.vc_custom_1580756060549{padding-right: 4% !important;padding-left: 4% !important;}&#8221;][vc_column][vc_empty_space height=&#8221;45px&#8221;][vc_tta_accordion][vc_tta_section title=&#8221;\u00bfCual es el horario de atenci\u00f3n?&#8221; tab_id=&#8221;1580755725866-d6826533-d618&#8243;][vc_column_text]Nuestro horario de atenci\u00f3n es de lunes a viernes de 8:00 am a 5:00 pm. S\u00e1bados 8:00 am a 3:00 pm.[\/vc_column_text][\/vc_tta_section][vc_tta_section title=&#8221;\u00bfPuedo cambiar el color de las flores?&#8221; tab_id=&#8221;1580755725908-551ede8d-8bce&#8221;][vc_column_text]En la mayor\u00eda de los casos usted puede cambiar el color de las flores [&hellip;]<\/p>\n","protected":false},"author":1,"featured_media":0,"parent":0,"menu_order":0,"comment_status":"closed","ping_status":"closed","template":"","meta":[],"yoast_head":"<!-- This site is optimized with the Yoast SEO plugin v20.12 - https:\/\/yoast.com\/wordpress\/plugins\/seo\/ -->\n<title>FAQs - San Angel Flores Bogot\u00e1<\/title>\n<meta name=\"robots\" content=\"index, follow, max-snippet:-1, max-image-preview:large, max-video-preview:-1\" \/>\n<link rel=\"canonical\" href=\"https:\/\/sanangel.com.co\/bogota\/faqs\/\" \/>\n<meta property=\"og:locale\" content=\"es_ES\" \/>\n<meta property=\"og:type\" content=\"article\" \/>\n<meta property=\"og:title\" content=\"FAQs - San Angel Flores Bogot\u00e1\" \/>\n<meta property=\"og:description\" content=\"[vc_row css=&#8221;.vc_custom_1580756060549{padding-right: 4% !important;padding-left: 4% !important;}&#8221;][vc_column][vc_empty_space height=&#8221;45px&#8221;][vc_tta_accordion][vc_tta_section title=&#8221;\u00bfCual es el horario de atenci\u00f3n?&#8221; tab_id=&#8221;1580755725866-d6826533-d618&#8243;][vc_column_text]Nuestro horario de atenci\u00f3n es de lunes a viernes de 8:00 am a 5:00 pm. S\u00e1bados 8:00 am a 3:00 pm.[\/vc_column_text][\/vc_tta_section][vc_tta_section title=&#8221;\u00bfPuedo cambiar el color de las flores?&#8221; tab_id=&#8221;1580755725908-551ede8d-8bce&#8221;][vc_column_text]En la mayor\u00eda de los casos usted puede cambiar el color de las flores [&hellip;]\" \/>\n<meta property=\"og:url\" content=\"https:\/\/sanangel.com.co\/bogota\/faqs\/\" \/>\n<meta property=\"og:site_name\" content=\"San Angel Flores Bogot\u00e1\" \/>\n<meta property=\"article:publisher\" content=\"http:\/\/facebook.com\/sanangelflores\" \/>\n<meta property=\"article:modified_time\" content=\"2024-12-04T16:49:17+00:00\" \/>\n<meta name=\"twitter:card\" content=\"summary_large_image\" \/>\n<meta name=\"twitter:label1\" content=\"Tiempo de lectura\" \/>\n\t<meta name=\"twitter:data1\" content=\"1 minuto\" \/>\n<script type=\"application\/ld+json\" class=\"yoast-schema-graph\">{\"@context\":\"https:\/\/schema.org\",\"@graph\":[{\"@type\":\"WebPage\",\"@id\":\"https:\/\/sanangel.com.co\/bogota\/faqs\/\",\"url\":\"https:\/\/sanangel.com.co\/bogota\/faqs\/\",\"name\":\"FAQs - San Angel Flores Bogot\u00e1\",\"isPartOf\":{\"@id\":\"https:\/\/sanangel.com.co\/bogota\/#website\"},\"datePublished\":\"2020-02-03T18:53:29+00:00\",\"dateModified\":\"2024-12-04T16:49:17+00:00\",\"breadcrumb\":{\"@id\":\"https:\/\/sanangel.com.co\/bogota\/faqs\/#breadcrumb\"},\"inLanguage\":\"es\",\"potentialAction\":[{\"@type\":\"ReadAction\",\"target\":[\"https:\/\/sanangel.com.co\/bogota\/faqs\/\"]}]},{\"@type\":\"BreadcrumbList\",\"@id\":\"https:\/\/sanangel.com.co\/bogota\/faqs\/#breadcrumb\",\"itemListElement\":[{\"@type\":\"ListItem\",\"position\":1,\"name\":\"Portada\",\"item\":\"https:\/\/sanangel.com.co\/bogota\/\"},{\"@type\":\"ListItem\",\"position\":2,\"name\":\"FAQs\"}]},{\"@type\":\"WebSite\",\"@id\":\"https:\/\/sanangel.com.co\/bogota\/#website\",\"url\":\"https:\/\/sanangel.com.co\/bogota\/\",\"name\":\"Floristerias en Bogota, Flores a domicilio\",\"description\":\"Flores Bogot\u00e1 - San Angel\",\"publisher\":{\"@id\":\"https:\/\/sanangel.com.co\/bogota\/#organization\"},\"alternateName\":\"San Angel Bogot\u00e1\",\"potentialAction\":[{\"@type\":\"SearchAction\",\"target\":{\"@type\":\"EntryPoint\",\"urlTemplate\":\"https:\/\/sanangel.com.co\/bogota\/?s={search_term_string}\"},\"query-input\":\"required name=search_term_string\"}],\"inLanguage\":\"es\"},{\"@type\":\"Organization\",\"@id\":\"https:\/\/sanangel.com.co\/bogota\/#organization\",\"name\":\"San Angel\",\"url\":\"https:\/\/sanangel.com.co\/bogota\/\",\"logo\":{\"@type\":\"ImageObject\",\"inLanguage\":\"es\",\"@id\":\"https:\/\/sanangel.com.co\/bogota\/#\/schema\/logo\/image\/\",\"url\":\"https:\/\/sanangel.com.co\/bogota\/wp-content\/uploads\/2019\/06\/san-angel-mas-que-un-mensaje-muchos-sentimientos.jpg\",\"contentUrl\":\"https:\/\/sanangel.com.co\/bogota\/wp-content\/uploads\/2019\/06\/san-angel-mas-que-un-mensaje-muchos-sentimientos.jpg\",\"width\":400,\"height\":612,\"caption\":\"San Angel\"},\"image\":{\"@id\":\"https:\/\/sanangel.com.co\/bogota\/#\/schema\/logo\/image\/\"},\"sameAs\":[\"http:\/\/facebook.com\/sanangelflores\",\"http:\/\/instagram.com\/sanangelflores\"]}]}<\/script>\n<!-- \/ Yoast SEO plugin. -->","yoast_head_json":{"title":"FAQs - San Angel Flores Bogot\u00e1","robots":{"index":"index","follow":"follow","max-snippet":"max-snippet:-1","max-image-preview":"max-image-preview:large","max-video-preview":"max-video-preview:-1"},"canonical":"https:\/\/sanangel.com.co\/bogota\/faqs\/","og_locale":"es_ES","og_type":"article","og_title":"FAQs - San Angel Flores Bogot\u00e1","og_description":"[vc_row css=&#8221;.vc_custom_1580756060549{padding-right: 4% !important;padding-left: 4% !important;}&#8221;][vc_column][vc_empty_space height=&#8221;45px&#8221;][vc_tta_accordion][vc_tta_section title=&#8221;\u00bfCual es el horario de atenci\u00f3n?&#8221; tab_id=&#8221;1580755725866-d6826533-d618&#8243;][vc_column_text]Nuestro horario de atenci\u00f3n es de lunes a viernes de 8:00 am a 5:00 pm. S\u00e1bados 8:00 am a 3:00 pm.[\/vc_column_text][\/vc_tta_section][vc_tta_section title=&#8221;\u00bfPuedo cambiar el color de las flores?&#8221; tab_id=&#8221;1580755725908-551ede8d-8bce&#8221;][vc_column_text]En la mayor\u00eda de los casos usted puede cambiar el color de las flores [&hellip;]","og_url":"https:\/\/sanangel.com.co\/bogota\/faqs\/","og_site_name":"San Angel Flores Bogot\u00e1","article_publisher":"http:\/\/facebook.com\/sanangelflores","article_modified_time":"2024-12-04T16:49:17+00:00","twitter_card":"summary_large_image","twitter_misc":{"Tiempo de lectura":"1 minuto"},"schema":{"@context":"https:\/\/schema.org","@graph":[{"@type":"WebPage","@id":"https:\/\/sanangel.com.co\/bogota\/faqs\/","url":"https:\/\/sanangel.com.co\/bogota\/faqs\/","name":"FAQs - San Angel Flores Bogot\u00e1","isPartOf":{"@id":"https:\/\/sanangel.com.co\/bogota\/#website"},"datePublished":"2020-02-03T18:53:29+00:00","dateModified":"2024-12-04T16:49:17+00:00","breadcrumb":{"@id":"https:\/\/sanangel.com.co\/bogota\/faqs\/#breadcrumb"},"inLanguage":"es","potentialAction":[{"@type":"ReadAction","target":["https:\/\/sanangel.com.co\/bogota\/faqs\/"]}]},{"@type":"BreadcrumbList","@id":"https:\/\/sanangel.com.co\/bogota\/faqs\/#breadcrumb","itemListElement":[{"@type":"ListItem","position":1,"name":"Portada","item":"https:\/\/sanangel.com.co\/bogota\/"},{"@type":"ListItem","position":2,"name":"FAQs"}]},{"@type":"WebSite","@id":"https:\/\/sanangel.com.co\/bogota\/#website","url":"https:\/\/sanangel.com.co\/bogota\/","name":"Floristerias en Bogota, Flores a domicilio","description":"Flores Bogot\u00e1 - San Angel","publisher":{"@id":"https:\/\/sanangel.com.co\/bogota\/#organization"},"alternateName":"San Angel Bogot\u00e1","potentialAction":[{"@type":"SearchAction","target":{"@type":"EntryPoint","urlTemplate":"https:\/\/sanangel.com.co\/bogota\/?s={search_term_string}"},"query-input":"required name=search_term_string"}],"inLanguage":"es"},{"@type":"Organization","@id":"https:\/\/sanangel.com.co\/bogota\/#organization","name":"San Angel","url":"https:\/\/sanangel.com.co\/bogota\/","logo":{"@type":"ImageObject","inLanguage":"es","@id":"https:\/\/sanangel.com.co\/bogota\/#\/schema\/logo\/image\/","url":"https:\/\/sanangel.com.co\/bogota\/wp-content\/uploads\/2019\/06\/san-angel-mas-que-un-mensaje-muchos-sentimientos.jpg","contentUrl":"https:\/\/sanangel.com.co\/bogota\/wp-content\/uploads\/2019\/06\/san-angel-mas-que-un-mensaje-muchos-sentimientos.jpg","width":400,"height":612,"caption":"San Angel"},"image":{"@id":"https:\/\/sanangel.com.co\/bogota\/#\/schema\/logo\/image\/"},"sameAs":["http:\/\/facebook.com\/sanangelflores","http:\/\/instagram.com\/sanangelflores"]}]}},"_links":{"self":[{"href":"https:\/\/sanangel.com.co\/bogota\/wp-json\/wp\/v2\/pages\/6370"}],"collection":[{"href":"https:\/\/sanangel.com.co\/bogota\/wp-json\/wp\/v2\/pages"}],"about":[{"href":"https:\/\/sanangel.com.co\/bogota\/wp-json\/wp\/v2\/types\/page"}],"author":[{"embeddable":true,"href":"https:\/\/sanangel.com.co\/bogota\/wp-json\/wp\/v2\/users\/1"}],"replies":[{"embeddable":true,"href":"https:\/\/sanangel.com.co\/bogota\/wp-json\/wp\/v2\/comments?post=6370"}],"version-history":[{"count":6,"href":"https:\/\/sanangel.com.co\/bogota\/wp-json\/wp\/v2\/pages\/6370\/revisions"}],"predecessor-version":[{"id":17468,"href":"https:\/\/sanangel.com.co\/bogota\/wp-json\/wp\/v2\/pages\/6370\/revisions\/17468"}],"wp:attachment":[{"href":"https:\/\/sanangel.com.co\/bogota\/wp-json\/wp\/v2\/media?parent=6370"}],"curies":[{"name":"wp","href":"https:\/\/api.w.org\/{rel}","templated":true}]}}