{"id":1009,"date":"2019-02-12T17:07:27","date_gmt":"2019-02-12T22:07:27","guid":{"rendered":"https:\/\/sanangel.com.co\/bogota-new\/producto\/100-amor\/"},"modified":"2026-01-06T09:03:38","modified_gmt":"2026-01-06T14:03:38","slug":"100-amor","status":"publish","type":"product","link":"https:\/\/sanangel.com.co\/bogota\/producto\/100-amor\/","title":{"rendered":"100 % Amor"},"content":{"rendered":"<p>&#8211; Impactante arreglo con 100 rosas, causa la impresi\u00f3n perfecta! El dise\u00f1o mas hermoso de San Angel,<\/p>\n<p>INLCUIYE<\/p>\n<p>&#8211; 100 rosas naturales y ruscus de complemento<\/p>\n<p>&#8211; Base metalica y tarjeta<\/p>\n<p>&#8211; 78 cm alto por 65 cm ancho aprox.<\/p>\n<p>&#8211; Frente y espalda en rosas y follaje<\/p>\n<p>&#8211; Se debe solicitar con m\u00ednimo 24 horas habiles de anticipaci\u00f3n<\/p>\n","protected":false},"excerpt":{"rendered":"<p>&#8211; Impactante arreglo con 100 rosas rojas, causa la impresi\u00f3n perfecta! un dise\u00f1o hermoso de San Angel. 70 cm alto por 65 cm ancho aproximadamente. Env\u00edo gratis dentro de Bogot\u00e1. Incluye tarjeta con mensaje personalizado.<\/p>\n","protected":false},"featured_media":17375,"template":"","meta":[],"product_cat":[97,24,28,25,43,42],"product_tag":[98],"yoast_head":"<!-- This site is optimized with the Yoast SEO plugin v20.12 - https:\/\/yoast.com\/wordpress\/plugins\/seo\/ -->\n<title>100 % Amor - San Angel Flores Bogot\u00e1<\/title>\n<meta name=\"description\" content=\"Impactante arreglo con 100 rosas rojas, causa la impresi\u00f3n perfecta! El dise\u00f1o mas hermoso de San Angel Bogota. Env\u00edo gratis en Bogota\" \/>\n<meta name=\"robots\" content=\"index, follow, max-snippet:-1, max-image-preview:large, max-video-preview:-1\" \/>\n<link rel=\"canonical\" href=\"https:\/\/sanangel.com.co\/bogota\/producto\/100-amor\/\" \/>\n<meta property=\"og:locale\" content=\"es_ES\" \/>\n<meta property=\"og:type\" content=\"article\" \/>\n<meta property=\"og:title\" content=\"100 % Amor - San Angel Flores Bogot\u00e1\" \/>\n<meta property=\"og:description\" content=\"Impactante arreglo con 100 rosas rojas, causa la impresi\u00f3n perfecta! El dise\u00f1o mas hermoso de San Angel Bogota. Env\u00edo gratis en Bogota\" \/>\n<meta property=\"og:url\" content=\"https:\/\/sanangel.com.co\/bogota\/producto\/100-amor\/\" \/>\n<meta property=\"og:site_name\" content=\"San Angel Flores Bogot\u00e1\" \/>\n<meta property=\"article:publisher\" content=\"http:\/\/facebook.com\/sanangelflores\" \/>\n<meta property=\"article:modified_time\" content=\"2026-01-06T14:03:38+00:00\" \/>\n<meta property=\"og:image\" content=\"https:\/\/sanangel.com.co\/bogota\/wp-content\/uploads\/2019\/02\/Untitled-design-6.jpg\" \/>\n\t<meta property=\"og:image:width\" content=\"800\" \/>\n\t<meta property=\"og:image:height\" content=\"800\" \/>\n\t<meta property=\"og:image:type\" content=\"image\/jpeg\" \/>\n<meta name=\"twitter:card\" content=\"summary_large_image\" \/>\n<meta name=\"twitter:label1\" content=\"Tiempo de lectura\" \/>\n\t<meta name=\"twitter:data1\" content=\"1 minuto\" \/>\n<script type=\"application\/ld+json\" class=\"yoast-schema-graph\">{\"@context\":\"https:\/\/schema.org\",\"@graph\":[{\"@type\":\"WebPage\",\"@id\":\"https:\/\/sanangel.com.co\/bogota\/producto\/100-amor\/\",\"url\":\"https:\/\/sanangel.com.co\/bogota\/producto\/100-amor\/\",\"name\":\"100 % Amor - San Angel Flores Bogot\u00e1\",\"isPartOf\":{\"@id\":\"https:\/\/sanangel.com.co\/bogota\/#website\"},\"datePublished\":\"2019-02-12T22:07:27+00:00\",\"dateModified\":\"2026-01-06T14:03:38+00:00\",\"description\":\"Impactante arreglo con 100 rosas rojas, causa la impresi\u00f3n perfecta! El dise\u00f1o mas hermoso de San Angel Bogota. Env\u00edo gratis en Bogota\",\"breadcrumb\":{\"@id\":\"https:\/\/sanangel.com.co\/bogota\/producto\/100-amor\/#breadcrumb\"},\"inLanguage\":\"es\",\"potentialAction\":[{\"@type\":\"ReadAction\",\"target\":[\"https:\/\/sanangel.com.co\/bogota\/producto\/100-amor\/\"]}]},{\"@type\":\"BreadcrumbList\",\"@id\":\"https:\/\/sanangel.com.co\/bogota\/producto\/100-amor\/#breadcrumb\",\"itemListElement\":[{\"@type\":\"ListItem\",\"position\":1,\"name\":\"Portada\",\"item\":\"https:\/\/sanangel.com.co\/bogota\/\"},{\"@type\":\"ListItem\",\"position\":2,\"name\":\"Tienda\",\"item\":\"https:\/\/sanangel.com.co\/bogota\/tienda\/\"},{\"@type\":\"ListItem\",\"position\":3,\"name\":\"100 % Amor\"}]},{\"@type\":\"WebSite\",\"@id\":\"https:\/\/sanangel.com.co\/bogota\/#website\",\"url\":\"https:\/\/sanangel.com.co\/bogota\/\",\"name\":\"Floristerias en Bogota, Flores a domicilio\",\"description\":\"Flores Bogot\u00e1 - San Angel\",\"publisher\":{\"@id\":\"https:\/\/sanangel.com.co\/bogota\/#organization\"},\"alternateName\":\"San Angel Bogot\u00e1\",\"potentialAction\":[{\"@type\":\"SearchAction\",\"target\":{\"@type\":\"EntryPoint\",\"urlTemplate\":\"https:\/\/sanangel.com.co\/bogota\/?s={search_term_string}\"},\"query-input\":\"required name=search_term_string\"}],\"inLanguage\":\"es\"},{\"@type\":\"Organization\",\"@id\":\"https:\/\/sanangel.com.co\/bogota\/#organization\",\"name\":\"San Angel\",\"url\":\"https:\/\/sanangel.com.co\/bogota\/\",\"logo\":{\"@type\":\"ImageObject\",\"inLanguage\":\"es\",\"@id\":\"https:\/\/sanangel.com.co\/bogota\/#\/schema\/logo\/image\/\",\"url\":\"https:\/\/sanangel.com.co\/bogota\/wp-content\/uploads\/2019\/06\/san-angel-mas-que-un-mensaje-muchos-sentimientos.jpg\",\"contentUrl\":\"https:\/\/sanangel.com.co\/bogota\/wp-content\/uploads\/2019\/06\/san-angel-mas-que-un-mensaje-muchos-sentimientos.jpg\",\"width\":400,\"height\":612,\"caption\":\"San Angel\"},\"image\":{\"@id\":\"https:\/\/sanangel.com.co\/bogota\/#\/schema\/logo\/image\/\"},\"sameAs\":[\"http:\/\/facebook.com\/sanangelflores\",\"http:\/\/instagram.com\/sanangelflores\"]}]}<\/script>\n<!-- \/ Yoast SEO plugin. -->","yoast_head_json":{"title":"100 % Amor - San Angel Flores Bogot\u00e1","description":"Impactante arreglo con 100 rosas rojas, causa la impresi\u00f3n perfecta! El dise\u00f1o mas hermoso de San Angel Bogota. Env\u00edo gratis en Bogota","robots":{"index":"index","follow":"follow","max-snippet":"max-snippet:-1","max-image-preview":"max-image-preview:large","max-video-preview":"max-video-preview:-1"},"canonical":"https:\/\/sanangel.com.co\/bogota\/producto\/100-amor\/","og_locale":"es_ES","og_type":"article","og_title":"100 % Amor - San Angel Flores Bogot\u00e1","og_description":"Impactante arreglo con 100 rosas rojas, causa la impresi\u00f3n perfecta! El dise\u00f1o mas hermoso de San Angel Bogota. Env\u00edo gratis en Bogota","og_url":"https:\/\/sanangel.com.co\/bogota\/producto\/100-amor\/","og_site_name":"San Angel Flores Bogot\u00e1","article_publisher":"http:\/\/facebook.com\/sanangelflores","article_modified_time":"2026-01-06T14:03:38+00:00","og_image":[{"width":800,"height":800,"url":"https:\/\/sanangel.com.co\/bogota\/wp-content\/uploads\/2019\/02\/Untitled-design-6.jpg","type":"image\/jpeg"}],"twitter_card":"summary_large_image","twitter_misc":{"Tiempo de lectura":"1 minuto"},"schema":{"@context":"https:\/\/schema.org","@graph":[{"@type":"WebPage","@id":"https:\/\/sanangel.com.co\/bogota\/producto\/100-amor\/","url":"https:\/\/sanangel.com.co\/bogota\/producto\/100-amor\/","name":"100 % Amor - San Angel Flores Bogot\u00e1","isPartOf":{"@id":"https:\/\/sanangel.com.co\/bogota\/#website"},"datePublished":"2019-02-12T22:07:27+00:00","dateModified":"2026-01-06T14:03:38+00:00","description":"Impactante arreglo con 100 rosas rojas, causa la impresi\u00f3n perfecta! El dise\u00f1o mas hermoso de San Angel Bogota. Env\u00edo gratis en Bogota","breadcrumb":{"@id":"https:\/\/sanangel.com.co\/bogota\/producto\/100-amor\/#breadcrumb"},"inLanguage":"es","potentialAction":[{"@type":"ReadAction","target":["https:\/\/sanangel.com.co\/bogota\/producto\/100-amor\/"]}]},{"@type":"BreadcrumbList","@id":"https:\/\/sanangel.com.co\/bogota\/producto\/100-amor\/#breadcrumb","itemListElement":[{"@type":"ListItem","position":1,"name":"Portada","item":"https:\/\/sanangel.com.co\/bogota\/"},{"@type":"ListItem","position":2,"name":"Tienda","item":"https:\/\/sanangel.com.co\/bogota\/tienda\/"},{"@type":"ListItem","position":3,"name":"100 % Amor"}]},{"@type":"WebSite","@id":"https:\/\/sanangel.com.co\/bogota\/#website","url":"https:\/\/sanangel.com.co\/bogota\/","name":"Floristerias en Bogota, Flores a domicilio","description":"Flores Bogot\u00e1 - San Angel","publisher":{"@id":"https:\/\/sanangel.com.co\/bogota\/#organization"},"alternateName":"San Angel Bogot\u00e1","potentialAction":[{"@type":"SearchAction","target":{"@type":"EntryPoint","urlTemplate":"https:\/\/sanangel.com.co\/bogota\/?s={search_term_string}"},"query-input":"required name=search_term_string"}],"inLanguage":"es"},{"@type":"Organization","@id":"https:\/\/sanangel.com.co\/bogota\/#organization","name":"San Angel","url":"https:\/\/sanangel.com.co\/bogota\/","logo":{"@type":"ImageObject","inLanguage":"es","@id":"https:\/\/sanangel.com.co\/bogota\/#\/schema\/logo\/image\/","url":"https:\/\/sanangel.com.co\/bogota\/wp-content\/uploads\/2019\/06\/san-angel-mas-que-un-mensaje-muchos-sentimientos.jpg","contentUrl":"https:\/\/sanangel.com.co\/bogota\/wp-content\/uploads\/2019\/06\/san-angel-mas-que-un-mensaje-muchos-sentimientos.jpg","width":400,"height":612,"caption":"San Angel"},"image":{"@id":"https:\/\/sanangel.com.co\/bogota\/#\/schema\/logo\/image\/"},"sameAs":["http:\/\/facebook.com\/sanangelflores","http:\/\/instagram.com\/sanangelflores"]}]}},"_links":{"self":[{"href":"https:\/\/sanangel.com.co\/bogota\/wp-json\/wp\/v2\/product\/1009"}],"collection":[{"href":"https:\/\/sanangel.com.co\/bogota\/wp-json\/wp\/v2\/product"}],"about":[{"href":"https:\/\/sanangel.com.co\/bogota\/wp-json\/wp\/v2\/types\/product"}],"wp:featuredmedia":[{"embeddable":true,"href":"https:\/\/sanangel.com.co\/bogota\/wp-json\/wp\/v2\/media\/17375"}],"wp:attachment":[{"href":"https:\/\/sanangel.com.co\/bogota\/wp-json\/wp\/v2\/media?parent=1009"}],"wp:term":[{"taxonomy":"product_cat","embeddable":true,"href":"https:\/\/sanangel.com.co\/bogota\/wp-json\/wp\/v2\/product_cat?post=1009"},{"taxonomy":"product_tag","embeddable":true,"href":"https:\/\/sanangel.com.co\/bogota\/wp-json\/wp\/v2\/product_tag?post=1009"}],"curies":[{"name":"wp","href":"https:\/\/api.w.org\/{rel}","templated":true}]}}