{"id":906,"date":"2019-02-12T17:07:14","date_gmt":"2019-02-12T22:07:14","guid":{"rendered":"https:\/\/sanangel.com.co\/bogota-new\/producto\/radiante\/"},"modified":"2026-03-17T16:05:48","modified_gmt":"2026-03-17T21:05:48","slug":"radiante","status":"publish","type":"product","link":"https:\/\/sanangel.com.co\/bogota\/producto\/radiante\/","title":{"rendered":"Radiante"},"content":{"rendered":"<p>&#8211; Seguro este impresionante dise\u00f1o con 50 rosas le encantar\u00e1 a la persona que lo reciba. Solo apto para quien quiera causar una hermosa impresi\u00f3n. Propio del estilo de San Angel, este dise\u00f1o de forma redonda se puede apreciar desde cualquier \u00e1ngulo.<\/p>\n<p>&#8211; Base en madera<\/p>\n<p>&#8211; Medidas aproximadas: 70 cm alto por 55 cm ancho<\/p>\n<p>&#8211; Tarjeta para mensaje incluido<\/p>\n","protected":false},"excerpt":{"rendered":"<p>Seguro este impresionante dise\u00f1o con 50 rosas le encantar\u00e1 a la persona que lo reciba. Solo apto para quien quiera causar una hermosa impresi\u00f3n. Propio del estilo de San Angel, este dise\u00f1o de forma redonda se puede apreciar desde cualquier \u00e1ngulo. Env\u00edo gratis Bogot\u00e1.<\/p>\n","protected":false},"featured_media":15495,"template":"","meta":[],"product_cat":[48],"product_tag":[],"yoast_head":"<!-- This site is optimized with the Yoast SEO plugin v20.12 - https:\/\/yoast.com\/wordpress\/plugins\/seo\/ -->\n<title>Ramo rosas Bogota- Radiente - San Angel Flores Bogot\u00e1<\/title>\n<meta name=\"description\" content=\"Ramo de 50 rosas Bogota - Radiente - Seguro este impresionante dise\u00f1o con 50 rosas le encantar\u00e1 a la persona que lo reciba. Propio del estilo de San Angel\" \/>\n<meta name=\"robots\" content=\"index, follow, max-snippet:-1, max-image-preview:large, max-video-preview:-1\" \/>\n<link rel=\"canonical\" href=\"https:\/\/sanangel.com.co\/bogota\/producto\/radiante\/\" \/>\n<meta property=\"og:locale\" content=\"es_ES\" \/>\n<meta property=\"og:type\" content=\"article\" \/>\n<meta property=\"og:title\" content=\"Ramo rosas Bogota- Radiente - San Angel Flores Bogot\u00e1\" \/>\n<meta property=\"og:description\" content=\"Ramo de 50 rosas Bogota - Radiente - Seguro este impresionante dise\u00f1o con 50 rosas le encantar\u00e1 a la persona que lo reciba. Propio del estilo de San Angel\" \/>\n<meta property=\"og:url\" content=\"https:\/\/sanangel.com.co\/bogota\/producto\/radiante\/\" \/>\n<meta property=\"og:site_name\" content=\"San Angel Flores Bogot\u00e1\" \/>\n<meta property=\"article:publisher\" content=\"http:\/\/facebook.com\/sanangelflores\" \/>\n<meta property=\"article:modified_time\" content=\"2026-03-17T21:05:48+00:00\" \/>\n<meta property=\"og:image\" content=\"https:\/\/sanangel.com.co\/bogota\/wp-content\/uploads\/2019\/02\/radiante.jpg\" \/>\n\t<meta property=\"og:image:width\" content=\"800\" \/>\n\t<meta property=\"og:image:height\" content=\"800\" \/>\n\t<meta property=\"og:image:type\" content=\"image\/jpeg\" \/>\n<meta name=\"twitter:card\" content=\"summary_large_image\" \/>\n<meta name=\"twitter:label1\" content=\"Tiempo de lectura\" \/>\n\t<meta name=\"twitter:data1\" content=\"1 minuto\" \/>\n<script type=\"application\/ld+json\" class=\"yoast-schema-graph\">{\"@context\":\"https:\/\/schema.org\",\"@graph\":[{\"@type\":\"WebPage\",\"@id\":\"https:\/\/sanangel.com.co\/bogota\/producto\/radiante\/\",\"url\":\"https:\/\/sanangel.com.co\/bogota\/producto\/radiante\/\",\"name\":\"Ramo rosas Bogota- Radiente - San Angel Flores Bogot\u00e1\",\"isPartOf\":{\"@id\":\"https:\/\/sanangel.com.co\/bogota\/#website\"},\"datePublished\":\"2019-02-12T22:07:14+00:00\",\"dateModified\":\"2026-03-17T21:05:48+00:00\",\"description\":\"Ramo de 50 rosas Bogota - Radiente - Seguro este impresionante dise\u00f1o con 50 rosas le encantar\u00e1 a la persona que lo reciba. Propio del estilo de San Angel\",\"breadcrumb\":{\"@id\":\"https:\/\/sanangel.com.co\/bogota\/producto\/radiante\/#breadcrumb\"},\"inLanguage\":\"es\",\"potentialAction\":[{\"@type\":\"ReadAction\",\"target\":[\"https:\/\/sanangel.com.co\/bogota\/producto\/radiante\/\"]}]},{\"@type\":\"BreadcrumbList\",\"@id\":\"https:\/\/sanangel.com.co\/bogota\/producto\/radiante\/#breadcrumb\",\"itemListElement\":[{\"@type\":\"ListItem\",\"position\":1,\"name\":\"Portada\",\"item\":\"https:\/\/sanangel.com.co\/bogota\/\"},{\"@type\":\"ListItem\",\"position\":2,\"name\":\"Tienda\",\"item\":\"https:\/\/sanangel.com.co\/bogota\/tienda\/\"},{\"@type\":\"ListItem\",\"position\":3,\"name\":\"Radiante\"}]},{\"@type\":\"WebSite\",\"@id\":\"https:\/\/sanangel.com.co\/bogota\/#website\",\"url\":\"https:\/\/sanangel.com.co\/bogota\/\",\"name\":\"Floristerias en Bogota, Flores a domicilio\",\"description\":\"Flores Bogot\u00e1 - San Angel\",\"publisher\":{\"@id\":\"https:\/\/sanangel.com.co\/bogota\/#organization\"},\"alternateName\":\"San Angel Bogot\u00e1\",\"potentialAction\":[{\"@type\":\"SearchAction\",\"target\":{\"@type\":\"EntryPoint\",\"urlTemplate\":\"https:\/\/sanangel.com.co\/bogota\/?s={search_term_string}\"},\"query-input\":\"required name=search_term_string\"}],\"inLanguage\":\"es\"},{\"@type\":\"Organization\",\"@id\":\"https:\/\/sanangel.com.co\/bogota\/#organization\",\"name\":\"San Angel\",\"url\":\"https:\/\/sanangel.com.co\/bogota\/\",\"logo\":{\"@type\":\"ImageObject\",\"inLanguage\":\"es\",\"@id\":\"https:\/\/sanangel.com.co\/bogota\/#\/schema\/logo\/image\/\",\"url\":\"https:\/\/sanangel.com.co\/bogota\/wp-content\/uploads\/2019\/06\/san-angel-mas-que-un-mensaje-muchos-sentimientos.jpg\",\"contentUrl\":\"https:\/\/sanangel.com.co\/bogota\/wp-content\/uploads\/2019\/06\/san-angel-mas-que-un-mensaje-muchos-sentimientos.jpg\",\"width\":400,\"height\":612,\"caption\":\"San Angel\"},\"image\":{\"@id\":\"https:\/\/sanangel.com.co\/bogota\/#\/schema\/logo\/image\/\"},\"sameAs\":[\"http:\/\/facebook.com\/sanangelflores\",\"http:\/\/instagram.com\/sanangelflores\"]}]}<\/script>\n<!-- \/ Yoast SEO plugin. -->","yoast_head_json":{"title":"Ramo rosas Bogota- Radiente - San Angel Flores Bogot\u00e1","description":"Ramo de 50 rosas Bogota - Radiente - Seguro este impresionante dise\u00f1o con 50 rosas le encantar\u00e1 a la persona que lo reciba. Propio del estilo de San Angel","robots":{"index":"index","follow":"follow","max-snippet":"max-snippet:-1","max-image-preview":"max-image-preview:large","max-video-preview":"max-video-preview:-1"},"canonical":"https:\/\/sanangel.com.co\/bogota\/producto\/radiante\/","og_locale":"es_ES","og_type":"article","og_title":"Ramo rosas Bogota- Radiente - San Angel Flores Bogot\u00e1","og_description":"Ramo de 50 rosas Bogota - Radiente - Seguro este impresionante dise\u00f1o con 50 rosas le encantar\u00e1 a la persona que lo reciba. Propio del estilo de San Angel","og_url":"https:\/\/sanangel.com.co\/bogota\/producto\/radiante\/","og_site_name":"San Angel Flores Bogot\u00e1","article_publisher":"http:\/\/facebook.com\/sanangelflores","article_modified_time":"2026-03-17T21:05:48+00:00","og_image":[{"width":800,"height":800,"url":"https:\/\/sanangel.com.co\/bogota\/wp-content\/uploads\/2019\/02\/radiante.jpg","type":"image\/jpeg"}],"twitter_card":"summary_large_image","twitter_misc":{"Tiempo de lectura":"1 minuto"},"schema":{"@context":"https:\/\/schema.org","@graph":[{"@type":"WebPage","@id":"https:\/\/sanangel.com.co\/bogota\/producto\/radiante\/","url":"https:\/\/sanangel.com.co\/bogota\/producto\/radiante\/","name":"Ramo rosas Bogota- Radiente - San Angel Flores Bogot\u00e1","isPartOf":{"@id":"https:\/\/sanangel.com.co\/bogota\/#website"},"datePublished":"2019-02-12T22:07:14+00:00","dateModified":"2026-03-17T21:05:48+00:00","description":"Ramo de 50 rosas Bogota - Radiente - Seguro este impresionante dise\u00f1o con 50 rosas le encantar\u00e1 a la persona que lo reciba. Propio del estilo de San Angel","breadcrumb":{"@id":"https:\/\/sanangel.com.co\/bogota\/producto\/radiante\/#breadcrumb"},"inLanguage":"es","potentialAction":[{"@type":"ReadAction","target":["https:\/\/sanangel.com.co\/bogota\/producto\/radiante\/"]}]},{"@type":"BreadcrumbList","@id":"https:\/\/sanangel.com.co\/bogota\/producto\/radiante\/#breadcrumb","itemListElement":[{"@type":"ListItem","position":1,"name":"Portada","item":"https:\/\/sanangel.com.co\/bogota\/"},{"@type":"ListItem","position":2,"name":"Tienda","item":"https:\/\/sanangel.com.co\/bogota\/tienda\/"},{"@type":"ListItem","position":3,"name":"Radiante"}]},{"@type":"WebSite","@id":"https:\/\/sanangel.com.co\/bogota\/#website","url":"https:\/\/sanangel.com.co\/bogota\/","name":"Floristerias en Bogota, Flores a domicilio","description":"Flores Bogot\u00e1 - San Angel","publisher":{"@id":"https:\/\/sanangel.com.co\/bogota\/#organization"},"alternateName":"San Angel Bogot\u00e1","potentialAction":[{"@type":"SearchAction","target":{"@type":"EntryPoint","urlTemplate":"https:\/\/sanangel.com.co\/bogota\/?s={search_term_string}"},"query-input":"required name=search_term_string"}],"inLanguage":"es"},{"@type":"Organization","@id":"https:\/\/sanangel.com.co\/bogota\/#organization","name":"San Angel","url":"https:\/\/sanangel.com.co\/bogota\/","logo":{"@type":"ImageObject","inLanguage":"es","@id":"https:\/\/sanangel.com.co\/bogota\/#\/schema\/logo\/image\/","url":"https:\/\/sanangel.com.co\/bogota\/wp-content\/uploads\/2019\/06\/san-angel-mas-que-un-mensaje-muchos-sentimientos.jpg","contentUrl":"https:\/\/sanangel.com.co\/bogota\/wp-content\/uploads\/2019\/06\/san-angel-mas-que-un-mensaje-muchos-sentimientos.jpg","width":400,"height":612,"caption":"San Angel"},"image":{"@id":"https:\/\/sanangel.com.co\/bogota\/#\/schema\/logo\/image\/"},"sameAs":["http:\/\/facebook.com\/sanangelflores","http:\/\/instagram.com\/sanangelflores"]}]}},"_links":{"self":[{"href":"https:\/\/sanangel.com.co\/bogota\/wp-json\/wp\/v2\/product\/906"}],"collection":[{"href":"https:\/\/sanangel.com.co\/bogota\/wp-json\/wp\/v2\/product"}],"about":[{"href":"https:\/\/sanangel.com.co\/bogota\/wp-json\/wp\/v2\/types\/product"}],"wp:featuredmedia":[{"embeddable":true,"href":"https:\/\/sanangel.com.co\/bogota\/wp-json\/wp\/v2\/media\/15495"}],"wp:attachment":[{"href":"https:\/\/sanangel.com.co\/bogota\/wp-json\/wp\/v2\/media?parent=906"}],"wp:term":[{"taxonomy":"product_cat","embeddable":true,"href":"https:\/\/sanangel.com.co\/bogota\/wp-json\/wp\/v2\/product_cat?post=906"},{"taxonomy":"product_tag","embeddable":true,"href":"https:\/\/sanangel.com.co\/bogota\/wp-json\/wp\/v2\/product_tag?post=906"}],"curies":[{"name":"wp","href":"https:\/\/api.w.org\/{rel}","templated":true}]}}