{"id":948,"date":"2019-02-12T17:07:19","date_gmt":"2019-02-12T22:07:19","guid":{"rendered":"https:\/\/sanangel.com.co\/bogota-new\/producto\/deleite\/"},"modified":"2025-12-05T12:53:58","modified_gmt":"2025-12-05T17:53:58","slug":"deleite","status":"publish","type":"product","link":"https:\/\/sanangel.com.co\/bogota\/producto\/deleite\/","title":{"rendered":"Deleite"},"content":{"rendered":"<p>&#8211; Este arreglo floral con 2 bouquets de rosas tiene una tierna composici\u00f3n que se completa con un lindo osito de peluche! realizado con las mejores flores, seleccionadas especialmente por nuestras floristas para dejar la mejor impresi\u00f3n.<\/p>\n<p>Incluye:<\/p>\n<p>&#8211; 24 rosas naturales tipo exportaci\u00f3n y follaje de complemento<\/p>\n<p>&#8211; Base de madera y mo\u00f1o<\/p>\n<p>&#8211; Oso de peluche clasico de San Angel<\/p>\n<p>&#8211; tarjeta con mensaje de su preferencia<\/p>\n<p>&#8211; Medidas: 65 cm de alto por 40 cm ancho aprox.<\/p>\n","protected":false},"excerpt":{"rendered":"<p>&#8211; Este arreglo floral con 24 rosas en 2 bouquets tiene una tierna composici\u00f3n. Incluye osito de peluche. Env\u00edo gratis dentro de Bogot\u00e1. Incluye tarjeta con mensaje.<\/p>\n","protected":false},"featured_media":1812,"template":"","meta":[],"product_cat":[29,42],"product_tag":[],"yoast_head":"<!-- This site is optimized with the Yoast SEO plugin v20.12 - https:\/\/yoast.com\/wordpress\/plugins\/seo\/ -->\n<title>Ramo de rosas y peluche - Deleite - San Angel Flores Bogot\u00e1<\/title>\n<meta name=\"description\" content=\"Ramo de rosas y peluche Bogota - Deleite, 24 rosas naturales tipo exportaci\u00f3n y follaje de complemento- Base de madera y mo\u00f1o- Oso de peluche clasico de San Angel- tarjeta con mensaje de su preferencia, envio Bogota\" \/>\n<meta name=\"robots\" content=\"index, follow, max-snippet:-1, max-image-preview:large, max-video-preview:-1\" \/>\n<link rel=\"canonical\" href=\"https:\/\/sanangel.com.co\/bogota\/producto\/deleite\/\" \/>\n<meta property=\"og:locale\" content=\"es_ES\" \/>\n<meta property=\"og:type\" content=\"article\" \/>\n<meta property=\"og:title\" content=\"Ramo de rosas y peluche - Deleite - San Angel Flores Bogot\u00e1\" \/>\n<meta property=\"og:description\" content=\"Ramo de rosas y peluche Bogota - Deleite, 24 rosas naturales tipo exportaci\u00f3n y follaje de complemento- Base de madera y mo\u00f1o- Oso de peluche clasico de San Angel- tarjeta con mensaje de su preferencia, envio Bogota\" \/>\n<meta property=\"og:url\" content=\"https:\/\/sanangel.com.co\/bogota\/producto\/deleite\/\" \/>\n<meta property=\"og:site_name\" content=\"San Angel Flores Bogot\u00e1\" \/>\n<meta property=\"article:publisher\" content=\"http:\/\/facebook.com\/sanangelflores\" \/>\n<meta property=\"article:modified_time\" content=\"2025-12-05T17:53:58+00:00\" \/>\n<meta property=\"og:image\" content=\"https:\/\/sanangel.com.co\/bogota\/wp-content\/uploads\/2019\/02\/221_DELEITE.jpg\" \/>\n\t<meta property=\"og:image:width\" content=\"800\" \/>\n\t<meta property=\"og:image:height\" content=\"800\" \/>\n\t<meta property=\"og:image:type\" content=\"image\/jpeg\" \/>\n<meta name=\"twitter:card\" content=\"summary_large_image\" \/>\n<meta name=\"twitter:label1\" content=\"Tiempo de lectura\" \/>\n\t<meta name=\"twitter:data1\" content=\"1 minuto\" \/>\n<script type=\"application\/ld+json\" class=\"yoast-schema-graph\">{\"@context\":\"https:\/\/schema.org\",\"@graph\":[{\"@type\":\"WebPage\",\"@id\":\"https:\/\/sanangel.com.co\/bogota\/producto\/deleite\/\",\"url\":\"https:\/\/sanangel.com.co\/bogota\/producto\/deleite\/\",\"name\":\"Ramo de rosas y peluche - Deleite - San Angel Flores Bogot\u00e1\",\"isPartOf\":{\"@id\":\"https:\/\/sanangel.com.co\/bogota\/#website\"},\"datePublished\":\"2019-02-12T22:07:19+00:00\",\"dateModified\":\"2025-12-05T17:53:58+00:00\",\"description\":\"Ramo de rosas y peluche Bogota - Deleite, 24 rosas naturales tipo exportaci\u00f3n y follaje de complemento- Base de madera y mo\u00f1o- Oso de peluche clasico de San Angel- tarjeta con mensaje de su preferencia, envio Bogota\",\"breadcrumb\":{\"@id\":\"https:\/\/sanangel.com.co\/bogota\/producto\/deleite\/#breadcrumb\"},\"inLanguage\":\"es\",\"potentialAction\":[{\"@type\":\"ReadAction\",\"target\":[\"https:\/\/sanangel.com.co\/bogota\/producto\/deleite\/\"]}]},{\"@type\":\"BreadcrumbList\",\"@id\":\"https:\/\/sanangel.com.co\/bogota\/producto\/deleite\/#breadcrumb\",\"itemListElement\":[{\"@type\":\"ListItem\",\"position\":1,\"name\":\"Portada\",\"item\":\"https:\/\/sanangel.com.co\/bogota\/\"},{\"@type\":\"ListItem\",\"position\":2,\"name\":\"Tienda\",\"item\":\"https:\/\/sanangel.com.co\/bogota\/tienda\/\"},{\"@type\":\"ListItem\",\"position\":3,\"name\":\"Deleite\"}]},{\"@type\":\"WebSite\",\"@id\":\"https:\/\/sanangel.com.co\/bogota\/#website\",\"url\":\"https:\/\/sanangel.com.co\/bogota\/\",\"name\":\"Floristerias en Bogota, Flores a domicilio\",\"description\":\"Flores Bogot\u00e1 - San Angel\",\"publisher\":{\"@id\":\"https:\/\/sanangel.com.co\/bogota\/#organization\"},\"alternateName\":\"San Angel Bogot\u00e1\",\"potentialAction\":[{\"@type\":\"SearchAction\",\"target\":{\"@type\":\"EntryPoint\",\"urlTemplate\":\"https:\/\/sanangel.com.co\/bogota\/?s={search_term_string}\"},\"query-input\":\"required name=search_term_string\"}],\"inLanguage\":\"es\"},{\"@type\":\"Organization\",\"@id\":\"https:\/\/sanangel.com.co\/bogota\/#organization\",\"name\":\"San Angel\",\"url\":\"https:\/\/sanangel.com.co\/bogota\/\",\"logo\":{\"@type\":\"ImageObject\",\"inLanguage\":\"es\",\"@id\":\"https:\/\/sanangel.com.co\/bogota\/#\/schema\/logo\/image\/\",\"url\":\"https:\/\/sanangel.com.co\/bogota\/wp-content\/uploads\/2019\/06\/san-angel-mas-que-un-mensaje-muchos-sentimientos.jpg\",\"contentUrl\":\"https:\/\/sanangel.com.co\/bogota\/wp-content\/uploads\/2019\/06\/san-angel-mas-que-un-mensaje-muchos-sentimientos.jpg\",\"width\":400,\"height\":612,\"caption\":\"San Angel\"},\"image\":{\"@id\":\"https:\/\/sanangel.com.co\/bogota\/#\/schema\/logo\/image\/\"},\"sameAs\":[\"http:\/\/facebook.com\/sanangelflores\",\"http:\/\/instagram.com\/sanangelflores\"]}]}<\/script>\n<!-- \/ Yoast SEO plugin. -->","yoast_head_json":{"title":"Ramo de rosas y peluche - Deleite - San Angel Flores Bogot\u00e1","description":"Ramo de rosas y peluche Bogota - Deleite, 24 rosas naturales tipo exportaci\u00f3n y follaje de complemento- Base de madera y mo\u00f1o- Oso de peluche clasico de San Angel- tarjeta con mensaje de su preferencia, envio Bogota","robots":{"index":"index","follow":"follow","max-snippet":"max-snippet:-1","max-image-preview":"max-image-preview:large","max-video-preview":"max-video-preview:-1"},"canonical":"https:\/\/sanangel.com.co\/bogota\/producto\/deleite\/","og_locale":"es_ES","og_type":"article","og_title":"Ramo de rosas y peluche - Deleite - San Angel Flores Bogot\u00e1","og_description":"Ramo de rosas y peluche Bogota - Deleite, 24 rosas naturales tipo exportaci\u00f3n y follaje de complemento- Base de madera y mo\u00f1o- Oso de peluche clasico de San Angel- tarjeta con mensaje de su preferencia, envio Bogota","og_url":"https:\/\/sanangel.com.co\/bogota\/producto\/deleite\/","og_site_name":"San Angel Flores Bogot\u00e1","article_publisher":"http:\/\/facebook.com\/sanangelflores","article_modified_time":"2025-12-05T17:53:58+00:00","og_image":[{"width":800,"height":800,"url":"https:\/\/sanangel.com.co\/bogota\/wp-content\/uploads\/2019\/02\/221_DELEITE.jpg","type":"image\/jpeg"}],"twitter_card":"summary_large_image","twitter_misc":{"Tiempo de lectura":"1 minuto"},"schema":{"@context":"https:\/\/schema.org","@graph":[{"@type":"WebPage","@id":"https:\/\/sanangel.com.co\/bogota\/producto\/deleite\/","url":"https:\/\/sanangel.com.co\/bogota\/producto\/deleite\/","name":"Ramo de rosas y peluche - Deleite - San Angel Flores Bogot\u00e1","isPartOf":{"@id":"https:\/\/sanangel.com.co\/bogota\/#website"},"datePublished":"2019-02-12T22:07:19+00:00","dateModified":"2025-12-05T17:53:58+00:00","description":"Ramo de rosas y peluche Bogota - Deleite, 24 rosas naturales tipo exportaci\u00f3n y follaje de complemento- Base de madera y mo\u00f1o- Oso de peluche clasico de San Angel- tarjeta con mensaje de su preferencia, envio Bogota","breadcrumb":{"@id":"https:\/\/sanangel.com.co\/bogota\/producto\/deleite\/#breadcrumb"},"inLanguage":"es","potentialAction":[{"@type":"ReadAction","target":["https:\/\/sanangel.com.co\/bogota\/producto\/deleite\/"]}]},{"@type":"BreadcrumbList","@id":"https:\/\/sanangel.com.co\/bogota\/producto\/deleite\/#breadcrumb","itemListElement":[{"@type":"ListItem","position":1,"name":"Portada","item":"https:\/\/sanangel.com.co\/bogota\/"},{"@type":"ListItem","position":2,"name":"Tienda","item":"https:\/\/sanangel.com.co\/bogota\/tienda\/"},{"@type":"ListItem","position":3,"name":"Deleite"}]},{"@type":"WebSite","@id":"https:\/\/sanangel.com.co\/bogota\/#website","url":"https:\/\/sanangel.com.co\/bogota\/","name":"Floristerias en Bogota, Flores a domicilio","description":"Flores Bogot\u00e1 - San Angel","publisher":{"@id":"https:\/\/sanangel.com.co\/bogota\/#organization"},"alternateName":"San Angel Bogot\u00e1","potentialAction":[{"@type":"SearchAction","target":{"@type":"EntryPoint","urlTemplate":"https:\/\/sanangel.com.co\/bogota\/?s={search_term_string}"},"query-input":"required name=search_term_string"}],"inLanguage":"es"},{"@type":"Organization","@id":"https:\/\/sanangel.com.co\/bogota\/#organization","name":"San Angel","url":"https:\/\/sanangel.com.co\/bogota\/","logo":{"@type":"ImageObject","inLanguage":"es","@id":"https:\/\/sanangel.com.co\/bogota\/#\/schema\/logo\/image\/","url":"https:\/\/sanangel.com.co\/bogota\/wp-content\/uploads\/2019\/06\/san-angel-mas-que-un-mensaje-muchos-sentimientos.jpg","contentUrl":"https:\/\/sanangel.com.co\/bogota\/wp-content\/uploads\/2019\/06\/san-angel-mas-que-un-mensaje-muchos-sentimientos.jpg","width":400,"height":612,"caption":"San Angel"},"image":{"@id":"https:\/\/sanangel.com.co\/bogota\/#\/schema\/logo\/image\/"},"sameAs":["http:\/\/facebook.com\/sanangelflores","http:\/\/instagram.com\/sanangelflores"]}]}},"_links":{"self":[{"href":"https:\/\/sanangel.com.co\/bogota\/wp-json\/wp\/v2\/product\/948"}],"collection":[{"href":"https:\/\/sanangel.com.co\/bogota\/wp-json\/wp\/v2\/product"}],"about":[{"href":"https:\/\/sanangel.com.co\/bogota\/wp-json\/wp\/v2\/types\/product"}],"wp:featuredmedia":[{"embeddable":true,"href":"https:\/\/sanangel.com.co\/bogota\/wp-json\/wp\/v2\/media\/1812"}],"wp:attachment":[{"href":"https:\/\/sanangel.com.co\/bogota\/wp-json\/wp\/v2\/media?parent=948"}],"wp:term":[{"taxonomy":"product_cat","embeddable":true,"href":"https:\/\/sanangel.com.co\/bogota\/wp-json\/wp\/v2\/product_cat?post=948"},{"taxonomy":"product_tag","embeddable":true,"href":"https:\/\/sanangel.com.co\/bogota\/wp-json\/wp\/v2\/product_tag?post=948"}],"curies":[{"name":"wp","href":"https:\/\/api.w.org\/{rel}","templated":true}]}}