{"id":975,"date":"2019-02-12T17:07:22","date_gmt":"2019-02-12T22:07:22","guid":{"rendered":"https:\/\/sanangel.com.co\/bogota-new\/producto\/seduccion\/"},"modified":"2026-03-31T12:32:38","modified_gmt":"2026-03-31T17:32:38","slug":"seduccion","status":"publish","type":"product","link":"https:\/\/sanangel.com.co\/bogota\/producto\/seduccion\/","title":{"rendered":"Seducci\u00f3n"},"content":{"rendered":"<p>&#8211; Impactante y Alegre dise\u00f1o floral con Girasoles que iluminara su d\u00eda<\/p>\n<p>&#8211; Base de madera y tarjeta con mensaje INCLUIDO, San Angel<\/p>\n<p>&#8211; 70 cm alto, 40 cm ancho<\/p>\n<p>&#8211; Girasoles, hojas de lino, helecho cuero, solidago<\/p>\n","protected":false},"excerpt":{"rendered":"<p>&#8211; Impactante y Alegre dise\u00f1o floral con Girasoles que iluminara su d\u00eda<\/p>\n<p>&nbsp;<\/p>\n","protected":false},"featured_media":2233,"template":"","meta":[],"product_cat":[44],"product_tag":[],"yoast_head":"<!-- This site is optimized with the Yoast SEO plugin v20.12 - https:\/\/yoast.com\/wordpress\/plugins\/seo\/ -->\n<title>Ramo de girasoles bogota - Seduccion - San Angel Flores Bogot\u00e1<\/title>\n<meta name=\"description\" content=\"Ramo de girasoles bogota - Seduccion\" \/>\n<meta name=\"robots\" content=\"index, follow, max-snippet:-1, max-image-preview:large, max-video-preview:-1\" \/>\n<link rel=\"canonical\" href=\"https:\/\/sanangel.com.co\/bogota\/producto\/seduccion\/\" \/>\n<meta property=\"og:locale\" content=\"es_ES\" \/>\n<meta property=\"og:type\" content=\"article\" \/>\n<meta property=\"og:title\" content=\"Ramo de girasoles bogota - Seduccion - San Angel Flores Bogot\u00e1\" \/>\n<meta property=\"og:description\" content=\"Ramo de girasoles bogota - Seduccion\" \/>\n<meta property=\"og:url\" content=\"https:\/\/sanangel.com.co\/bogota\/producto\/seduccion\/\" \/>\n<meta property=\"og:site_name\" content=\"San Angel Flores Bogot\u00e1\" \/>\n<meta property=\"article:publisher\" content=\"http:\/\/facebook.com\/sanangelflores\" \/>\n<meta property=\"article:modified_time\" content=\"2026-03-31T17:32:38+00:00\" \/>\n<meta property=\"og:image\" content=\"https:\/\/sanangel.com.co\/bogota\/wp-content\/uploads\/2019\/02\/170_SEDUCCION.jpg\" \/>\n\t<meta property=\"og:image:width\" content=\"800\" \/>\n\t<meta property=\"og:image:height\" content=\"800\" \/>\n\t<meta property=\"og:image:type\" content=\"image\/jpeg\" \/>\n<meta name=\"twitter:card\" content=\"summary_large_image\" \/>\n<script type=\"application\/ld+json\" class=\"yoast-schema-graph\">{\"@context\":\"https:\/\/schema.org\",\"@graph\":[{\"@type\":\"WebPage\",\"@id\":\"https:\/\/sanangel.com.co\/bogota\/producto\/seduccion\/\",\"url\":\"https:\/\/sanangel.com.co\/bogota\/producto\/seduccion\/\",\"name\":\"Ramo de girasoles bogota - Seduccion - San Angel Flores Bogot\u00e1\",\"isPartOf\":{\"@id\":\"https:\/\/sanangel.com.co\/bogota\/#website\"},\"datePublished\":\"2019-02-12T22:07:22+00:00\",\"dateModified\":\"2026-03-31T17:32:38+00:00\",\"description\":\"Ramo de girasoles bogota - Seduccion\",\"breadcrumb\":{\"@id\":\"https:\/\/sanangel.com.co\/bogota\/producto\/seduccion\/#breadcrumb\"},\"inLanguage\":\"es\",\"potentialAction\":[{\"@type\":\"ReadAction\",\"target\":[\"https:\/\/sanangel.com.co\/bogota\/producto\/seduccion\/\"]}]},{\"@type\":\"BreadcrumbList\",\"@id\":\"https:\/\/sanangel.com.co\/bogota\/producto\/seduccion\/#breadcrumb\",\"itemListElement\":[{\"@type\":\"ListItem\",\"position\":1,\"name\":\"Portada\",\"item\":\"https:\/\/sanangel.com.co\/bogota\/\"},{\"@type\":\"ListItem\",\"position\":2,\"name\":\"Tienda\",\"item\":\"https:\/\/sanangel.com.co\/bogota\/tienda\/\"},{\"@type\":\"ListItem\",\"position\":3,\"name\":\"Seducci\u00f3n\"}]},{\"@type\":\"WebSite\",\"@id\":\"https:\/\/sanangel.com.co\/bogota\/#website\",\"url\":\"https:\/\/sanangel.com.co\/bogota\/\",\"name\":\"Floristerias en Bogota, Flores a domicilio\",\"description\":\"Flores Bogot\u00e1 - San Angel\",\"publisher\":{\"@id\":\"https:\/\/sanangel.com.co\/bogota\/#organization\"},\"alternateName\":\"San Angel Bogot\u00e1\",\"potentialAction\":[{\"@type\":\"SearchAction\",\"target\":{\"@type\":\"EntryPoint\",\"urlTemplate\":\"https:\/\/sanangel.com.co\/bogota\/?s={search_term_string}\"},\"query-input\":\"required name=search_term_string\"}],\"inLanguage\":\"es\"},{\"@type\":\"Organization\",\"@id\":\"https:\/\/sanangel.com.co\/bogota\/#organization\",\"name\":\"San Angel\",\"url\":\"https:\/\/sanangel.com.co\/bogota\/\",\"logo\":{\"@type\":\"ImageObject\",\"inLanguage\":\"es\",\"@id\":\"https:\/\/sanangel.com.co\/bogota\/#\/schema\/logo\/image\/\",\"url\":\"https:\/\/sanangel.com.co\/bogota\/wp-content\/uploads\/2019\/06\/san-angel-mas-que-un-mensaje-muchos-sentimientos.jpg\",\"contentUrl\":\"https:\/\/sanangel.com.co\/bogota\/wp-content\/uploads\/2019\/06\/san-angel-mas-que-un-mensaje-muchos-sentimientos.jpg\",\"width\":400,\"height\":612,\"caption\":\"San Angel\"},\"image\":{\"@id\":\"https:\/\/sanangel.com.co\/bogota\/#\/schema\/logo\/image\/\"},\"sameAs\":[\"http:\/\/facebook.com\/sanangelflores\",\"http:\/\/instagram.com\/sanangelflores\"]}]}<\/script>\n<!-- \/ Yoast SEO plugin. -->","yoast_head_json":{"title":"Ramo de girasoles bogota - Seduccion - San Angel Flores Bogot\u00e1","description":"Ramo de girasoles bogota - Seduccion","robots":{"index":"index","follow":"follow","max-snippet":"max-snippet:-1","max-image-preview":"max-image-preview:large","max-video-preview":"max-video-preview:-1"},"canonical":"https:\/\/sanangel.com.co\/bogota\/producto\/seduccion\/","og_locale":"es_ES","og_type":"article","og_title":"Ramo de girasoles bogota - Seduccion - San Angel Flores Bogot\u00e1","og_description":"Ramo de girasoles bogota - Seduccion","og_url":"https:\/\/sanangel.com.co\/bogota\/producto\/seduccion\/","og_site_name":"San Angel Flores Bogot\u00e1","article_publisher":"http:\/\/facebook.com\/sanangelflores","article_modified_time":"2026-03-31T17:32:38+00:00","og_image":[{"width":800,"height":800,"url":"https:\/\/sanangel.com.co\/bogota\/wp-content\/uploads\/2019\/02\/170_SEDUCCION.jpg","type":"image\/jpeg"}],"twitter_card":"summary_large_image","schema":{"@context":"https:\/\/schema.org","@graph":[{"@type":"WebPage","@id":"https:\/\/sanangel.com.co\/bogota\/producto\/seduccion\/","url":"https:\/\/sanangel.com.co\/bogota\/producto\/seduccion\/","name":"Ramo de girasoles bogota - Seduccion - San Angel Flores Bogot\u00e1","isPartOf":{"@id":"https:\/\/sanangel.com.co\/bogota\/#website"},"datePublished":"2019-02-12T22:07:22+00:00","dateModified":"2026-03-31T17:32:38+00:00","description":"Ramo de girasoles bogota - Seduccion","breadcrumb":{"@id":"https:\/\/sanangel.com.co\/bogota\/producto\/seduccion\/#breadcrumb"},"inLanguage":"es","potentialAction":[{"@type":"ReadAction","target":["https:\/\/sanangel.com.co\/bogota\/producto\/seduccion\/"]}]},{"@type":"BreadcrumbList","@id":"https:\/\/sanangel.com.co\/bogota\/producto\/seduccion\/#breadcrumb","itemListElement":[{"@type":"ListItem","position":1,"name":"Portada","item":"https:\/\/sanangel.com.co\/bogota\/"},{"@type":"ListItem","position":2,"name":"Tienda","item":"https:\/\/sanangel.com.co\/bogota\/tienda\/"},{"@type":"ListItem","position":3,"name":"Seducci\u00f3n"}]},{"@type":"WebSite","@id":"https:\/\/sanangel.com.co\/bogota\/#website","url":"https:\/\/sanangel.com.co\/bogota\/","name":"Floristerias en Bogota, Flores a domicilio","description":"Flores Bogot\u00e1 - San Angel","publisher":{"@id":"https:\/\/sanangel.com.co\/bogota\/#organization"},"alternateName":"San Angel Bogot\u00e1","potentialAction":[{"@type":"SearchAction","target":{"@type":"EntryPoint","urlTemplate":"https:\/\/sanangel.com.co\/bogota\/?s={search_term_string}"},"query-input":"required name=search_term_string"}],"inLanguage":"es"},{"@type":"Organization","@id":"https:\/\/sanangel.com.co\/bogota\/#organization","name":"San Angel","url":"https:\/\/sanangel.com.co\/bogota\/","logo":{"@type":"ImageObject","inLanguage":"es","@id":"https:\/\/sanangel.com.co\/bogota\/#\/schema\/logo\/image\/","url":"https:\/\/sanangel.com.co\/bogota\/wp-content\/uploads\/2019\/06\/san-angel-mas-que-un-mensaje-muchos-sentimientos.jpg","contentUrl":"https:\/\/sanangel.com.co\/bogota\/wp-content\/uploads\/2019\/06\/san-angel-mas-que-un-mensaje-muchos-sentimientos.jpg","width":400,"height":612,"caption":"San Angel"},"image":{"@id":"https:\/\/sanangel.com.co\/bogota\/#\/schema\/logo\/image\/"},"sameAs":["http:\/\/facebook.com\/sanangelflores","http:\/\/instagram.com\/sanangelflores"]}]}},"_links":{"self":[{"href":"https:\/\/sanangel.com.co\/bogota\/wp-json\/wp\/v2\/product\/975"}],"collection":[{"href":"https:\/\/sanangel.com.co\/bogota\/wp-json\/wp\/v2\/product"}],"about":[{"href":"https:\/\/sanangel.com.co\/bogota\/wp-json\/wp\/v2\/types\/product"}],"wp:featuredmedia":[{"embeddable":true,"href":"https:\/\/sanangel.com.co\/bogota\/wp-json\/wp\/v2\/media\/2233"}],"wp:attachment":[{"href":"https:\/\/sanangel.com.co\/bogota\/wp-json\/wp\/v2\/media?parent=975"}],"wp:term":[{"taxonomy":"product_cat","embeddable":true,"href":"https:\/\/sanangel.com.co\/bogota\/wp-json\/wp\/v2\/product_cat?post=975"},{"taxonomy":"product_tag","embeddable":true,"href":"https:\/\/sanangel.com.co\/bogota\/wp-json\/wp\/v2\/product_tag?post=975"}],"curies":[{"name":"wp","href":"https:\/\/api.w.org\/{rel}","templated":true}]}}