{"id":6346,"date":"2020-02-03T12:22:55","date_gmt":"2020-02-03T17:22:55","guid":{"rendered":"https:\/\/sanangel.com.co\/bogota-new\/?page_id=6346"},"modified":"2023-09-21T16:29:49","modified_gmt":"2023-09-21T21:29:49","slug":"nosotros","status":"publish","type":"page","link":"https:\/\/sanangel.com.co\/cali\/nosotros\/","title":{"rendered":"Nosotros"},"content":{"rendered":"<p>[vc_row full_width=\u00bbstretch_row\u00bb css_animation=\u00bbbounceInUp\u00bb][vc_column][vc_empty_space height=\u00bb45px\u00bb][vc_row_inner css=\u00bb.vc_custom_1580752352582{padding-right: 4% !important;padding-left: 4% !important;}\u00bb el_class=\u00bbabout_description\u00bb][vc_column_inner width=\u00bb1\/2&#8243;][vc_single_image image=\u00bb114&#8243; img_size=\u00bbfull\u00bb alignment=\u00bbcenter\u00bb][\/vc_column_inner][vc_column_inner width=\u00bb1\/2&#8243;][vc_column_text]<\/p>\n<h1>Florister\u00eda San Angel<\/h1>\n<p>[\/vc_column_text][vc_column_text]<\/p>\n<h2>Florister\u00eda Cali<\/h2>\n<p>[\/vc_column_text][vc_column_text]San Angel florister\u00edas Cali nace despu\u00e9s de alcanzar 9 a\u00f1os de experiencia en la ciudad de Medell\u00edn y Bogot\u00e1 entregar cientos de arreglos florales con \u00e9xito, muchos de nuestros clientes nos ped\u00edan llegar a la ciudad de Cali y decidimos emprender con San Angel Cali. Por nuestro modelo de negocios basado en nuestra plataforma web, en la ciudad de Cali no tenemos atenci\u00f3n al publico, en nuestro taller ubicado en San Fernando realizamos arreglos florales con flores hermosas y las enviamos a domicilio a casi todas las ubicaciones de Cali, incluidas Norte, Sur, Oeste y este. Adem\u00e1s nuestra entrega a domicilio es Gratis!<\/p>\n<p>Estamos seguros que con nuestros arreglos florales transmitir\u00e1 lo que que siente y piensa. En nuestro catalogo contamos con arreglos florales especiales para todo tipo de ocasi\u00f3n. En San Angel floristerias Cali va a encontrar las m\u00e1s hermosas flores seleccionadas cuidadosamente por nuestras floristas con los que creamos ramos de flores que le har\u00e1n brillar. En nuestro catalogo contamos con ramos de rosas, ramos de flores tropicales, anchetas y arreglos frutales, todos debidamente seleccionados para obtener lo mejor de las flores Cali. En San Angel floristerias Cali es un honor transmitir sus sentimientos a trav\u00e9s de nuestros ramos de flores.<\/p>\n<p>En nuestras floristeria San Angel Cali online puede pagar con tarjetas de cr\u00e9dito, sistema PSE, consignaci\u00f3n. No dude en enviar las flores mas hermosas.[\/vc_column_text][\/vc_column_inner][\/vc_row_inner][vc_empty_space height=\u00bb45px\u00bb][\/vc_column][\/vc_row]<\/p>\n","protected":false},"excerpt":{"rendered":"<p>[vc_row full_width=\u00bbstretch_row\u00bb css_animation=\u00bbbounceInUp\u00bb][vc_column][vc_empty_space height=\u00bb45px\u00bb][vc_row_inner css=\u00bb.vc_custom_1580752352582{padding-right: 4% !important;padding-left: 4% !important;}\u00bb el_class=\u00bbabout_description\u00bb][vc_column_inner width=\u00bb1\/2&#8243;][vc_single_image image=\u00bb114&#8243; img_size=\u00bbfull\u00bb alignment=\u00bbcenter\u00bb][\/vc_column_inner][vc_column_inner width=\u00bb1\/2&#8243;][vc_column_text] Florister\u00eda San Angel [\/vc_column_text][vc_column_text] Florister\u00eda Cali [\/vc_column_text][vc_column_text]San Angel florister\u00edas Cali nace despu\u00e9s de alcanzar 9 a\u00f1os de experiencia en la ciudad de Medell\u00edn y Bogot\u00e1 entregar cientos de arreglos florales con \u00e9xito, muchos de nuestros clientes nos ped\u00edan llegar a [&hellip;]<\/p>\n","protected":false},"author":1,"featured_media":0,"parent":0,"menu_order":0,"comment_status":"closed","ping_status":"closed","template":"","meta":{"inline_featured_image":false},"yoast_head":"<!-- This site is optimized with the Yoast SEO plugin v19.12 - https:\/\/yoast.com\/wordpress\/plugins\/seo\/ -->\n<title>Sobre Floristeria San Angel Bogota - San Angel CALI | Flores &amp; Regalos<\/title>\n<meta name=\"description\" content=\"San Angel florister\u00edas Bogot\u00e1 nace despu\u00e9s de alcanzar 5 a\u00f1os de experiencia en la ciudad de Medell\u00edn y entregar m\u00e1s de 15.000 arreglos florales con \u00e9xito, muchos de nuestros clientes nos ped\u00edan llegar a la ciudad de Bogot\u00e1 y decidimos emprender con San Angel Bogot\u00e1. Por nuestro modelo de negocios basado en nuestra plataforma web, en la ciudad de Bogot\u00e1 no tenemos atenci\u00f3n al publico, en nuestro taller ubicado en Las Am\u00e9ricas realizamos arreglos florales con flores hermosas y las enviamos a domicilio a casi todas las localidades de Bogot\u00e1, incluidas Usaqu\u00e9n, Suba, Chapinero, Barrios Unidos, Teusaquillo, Engativ\u00e1, Fontib\u00f3n, Puente Aranda, Candelaria, M\u00e1rtires, Antonio Nari\u00f1o, Kennedy, Bosa, Rafael Uribe, Usme, San Crist\u00f3bal, Tunjuelito, Ciudad Bol\u00edvar. Adem\u00e1s nuestra entrega a domicilio es Gratis!\" \/>\n<meta name=\"robots\" content=\"index, follow, max-snippet:-1, max-image-preview:large, max-video-preview:-1\" \/>\n<link rel=\"canonical\" href=\"https:\/\/sanangel.com.co\/cali\/nosotros\/\" \/>\n<meta property=\"og:locale\" content=\"es_ES\" \/>\n<meta property=\"og:type\" content=\"article\" \/>\n<meta property=\"og:title\" content=\"Sobre Floristeria San Angel Bogota - San Angel CALI | Flores &amp; Regalos\" \/>\n<meta property=\"og:description\" content=\"San Angel florister\u00edas Bogot\u00e1 nace despu\u00e9s de alcanzar 5 a\u00f1os de experiencia en la ciudad de Medell\u00edn y entregar m\u00e1s de 15.000 arreglos florales con \u00e9xito, muchos de nuestros clientes nos ped\u00edan llegar a la ciudad de Bogot\u00e1 y decidimos emprender con San Angel Bogot\u00e1. Por nuestro modelo de negocios basado en nuestra plataforma web, en la ciudad de Bogot\u00e1 no tenemos atenci\u00f3n al publico, en nuestro taller ubicado en Las Am\u00e9ricas realizamos arreglos florales con flores hermosas y las enviamos a domicilio a casi todas las localidades de Bogot\u00e1, incluidas Usaqu\u00e9n, Suba, Chapinero, Barrios Unidos, Teusaquillo, Engativ\u00e1, Fontib\u00f3n, Puente Aranda, Candelaria, M\u00e1rtires, Antonio Nari\u00f1o, Kennedy, Bosa, Rafael Uribe, Usme, San Crist\u00f3bal, Tunjuelito, Ciudad Bol\u00edvar. Adem\u00e1s nuestra entrega a domicilio es Gratis!\" \/>\n<meta property=\"og:url\" content=\"https:\/\/sanangel.com.co\/cali\/nosotros\/\" \/>\n<meta property=\"og:site_name\" content=\"San Angel CALI | Flores &amp; Regalos\" \/>\n<meta property=\"article:publisher\" content=\"http:\/\/facebook.com\/sanangelflores\" \/>\n<meta property=\"article:modified_time\" content=\"2023-09-21T21:29:49+00:00\" \/>\n<meta name=\"twitter:card\" content=\"summary_large_image\" \/>\n<meta name=\"twitter:label1\" content=\"Tiempo de lectura\" \/>\n\t<meta name=\"twitter:data1\" content=\"2 minutos\" \/>\n<script type=\"application\/ld+json\" class=\"yoast-schema-graph\">{\"@context\":\"https:\/\/schema.org\",\"@graph\":[{\"@type\":\"WebPage\",\"@id\":\"https:\/\/sanangel.com.co\/cali\/nosotros\/\",\"url\":\"https:\/\/sanangel.com.co\/cali\/nosotros\/\",\"name\":\"Sobre Floristeria San Angel Bogota - San Angel CALI | Flores &amp; Regalos\",\"isPartOf\":{\"@id\":\"https:\/\/sanangel.com.co\/cali\/#website\"},\"datePublished\":\"2020-02-03T17:22:55+00:00\",\"dateModified\":\"2023-09-21T21:29:49+00:00\",\"description\":\"San Angel florister\u00edas Bogot\u00e1 nace despu\u00e9s de alcanzar 5 a\u00f1os de experiencia en la ciudad de Medell\u00edn y entregar m\u00e1s de 15.000 arreglos florales con \u00e9xito, muchos de nuestros clientes nos ped\u00edan llegar a la ciudad de Bogot\u00e1 y decidimos emprender con San Angel Bogot\u00e1. Por nuestro modelo de negocios basado en nuestra plataforma web, en la ciudad de Bogot\u00e1 no tenemos atenci\u00f3n al publico, en nuestro taller ubicado en Las Am\u00e9ricas realizamos arreglos florales con flores hermosas y las enviamos a domicilio a casi todas las localidades de Bogot\u00e1, incluidas Usaqu\u00e9n, Suba, Chapinero, Barrios Unidos, Teusaquillo, Engativ\u00e1, Fontib\u00f3n, Puente Aranda, Candelaria, M\u00e1rtires, Antonio Nari\u00f1o, Kennedy, Bosa, Rafael Uribe, Usme, San Crist\u00f3bal, Tunjuelito, Ciudad Bol\u00edvar. Adem\u00e1s nuestra entrega a domicilio es Gratis!\",\"breadcrumb\":{\"@id\":\"https:\/\/sanangel.com.co\/cali\/nosotros\/#breadcrumb\"},\"inLanguage\":\"es\",\"potentialAction\":[{\"@type\":\"ReadAction\",\"target\":[\"https:\/\/sanangel.com.co\/cali\/nosotros\/\"]}]},{\"@type\":\"BreadcrumbList\",\"@id\":\"https:\/\/sanangel.com.co\/cali\/nosotros\/#breadcrumb\",\"itemListElement\":[{\"@type\":\"ListItem\",\"position\":1,\"name\":\"Portada\",\"item\":\"https:\/\/sanangel.com.co\/cali\/\"},{\"@type\":\"ListItem\",\"position\":2,\"name\":\"Nosotros\"}]},{\"@type\":\"WebSite\",\"@id\":\"https:\/\/sanangel.com.co\/cali\/#website\",\"url\":\"https:\/\/sanangel.com.co\/cali\/\",\"name\":\"Floristerias en Cali, Flores a domicilio\",\"description\":\"Floristerias Cali, Flores en Cali, Flores a domicilio Cali - San Angel\",\"publisher\":{\"@id\":\"https:\/\/sanangel.com.co\/cali\/#organization\"},\"alternateName\":\"San Angel Cali\",\"potentialAction\":[{\"@type\":\"SearchAction\",\"target\":{\"@type\":\"EntryPoint\",\"urlTemplate\":\"https:\/\/sanangel.com.co\/cali\/?s={search_term_string}\"},\"query-input\":\"required name=search_term_string\"}],\"inLanguage\":\"es\"},{\"@type\":\"Organization\",\"@id\":\"https:\/\/sanangel.com.co\/cali\/#organization\",\"name\":\"San Angel Cali\",\"url\":\"https:\/\/sanangel.com.co\/cali\/\",\"logo\":{\"@type\":\"ImageObject\",\"inLanguage\":\"es\",\"@id\":\"https:\/\/sanangel.com.co\/cali\/#\/schema\/logo\/image\/\",\"url\":\"https:\/\/sanangel.com.co\/cali\/wp-content\/uploads\/2019\/06\/san-angel-mas-que-un-mensaje-muchos-sentimientos.jpg\",\"contentUrl\":\"https:\/\/sanangel.com.co\/cali\/wp-content\/uploads\/2019\/06\/san-angel-mas-que-un-mensaje-muchos-sentimientos.jpg\",\"width\":400,\"height\":612,\"caption\":\"San Angel Cali\"},\"image\":{\"@id\":\"https:\/\/sanangel.com.co\/cali\/#\/schema\/logo\/image\/\"},\"sameAs\":[\"http:\/\/instagram.com\/sanangelflores\",\"http:\/\/facebook.com\/sanangelflores\"]}]}<\/script>\n<!-- \/ Yoast SEO plugin. -->","yoast_head_json":{"title":"Sobre Floristeria San Angel Bogota - San Angel CALI | Flores &amp; Regalos","description":"San Angel florister\u00edas Bogot\u00e1 nace despu\u00e9s de alcanzar 5 a\u00f1os de experiencia en la ciudad de Medell\u00edn y entregar m\u00e1s de 15.000 arreglos florales con \u00e9xito, muchos de nuestros clientes nos ped\u00edan llegar a la ciudad de Bogot\u00e1 y decidimos emprender con San Angel Bogot\u00e1. Por nuestro modelo de negocios basado en nuestra plataforma web, en la ciudad de Bogot\u00e1 no tenemos atenci\u00f3n al publico, en nuestro taller ubicado en Las Am\u00e9ricas realizamos arreglos florales con flores hermosas y las enviamos a domicilio a casi todas las localidades de Bogot\u00e1, incluidas Usaqu\u00e9n, Suba, Chapinero, Barrios Unidos, Teusaquillo, Engativ\u00e1, Fontib\u00f3n, Puente Aranda, Candelaria, M\u00e1rtires, Antonio Nari\u00f1o, Kennedy, Bosa, Rafael Uribe, Usme, San Crist\u00f3bal, Tunjuelito, Ciudad Bol\u00edvar. Adem\u00e1s nuestra entrega a domicilio es Gratis!","robots":{"index":"index","follow":"follow","max-snippet":"max-snippet:-1","max-image-preview":"max-image-preview:large","max-video-preview":"max-video-preview:-1"},"canonical":"https:\/\/sanangel.com.co\/cali\/nosotros\/","og_locale":"es_ES","og_type":"article","og_title":"Sobre Floristeria San Angel Bogota - San Angel CALI | Flores &amp; Regalos","og_description":"San Angel florister\u00edas Bogot\u00e1 nace despu\u00e9s de alcanzar 5 a\u00f1os de experiencia en la ciudad de Medell\u00edn y entregar m\u00e1s de 15.000 arreglos florales con \u00e9xito, muchos de nuestros clientes nos ped\u00edan llegar a la ciudad de Bogot\u00e1 y decidimos emprender con San Angel Bogot\u00e1. Por nuestro modelo de negocios basado en nuestra plataforma web, en la ciudad de Bogot\u00e1 no tenemos atenci\u00f3n al publico, en nuestro taller ubicado en Las Am\u00e9ricas realizamos arreglos florales con flores hermosas y las enviamos a domicilio a casi todas las localidades de Bogot\u00e1, incluidas Usaqu\u00e9n, Suba, Chapinero, Barrios Unidos, Teusaquillo, Engativ\u00e1, Fontib\u00f3n, Puente Aranda, Candelaria, M\u00e1rtires, Antonio Nari\u00f1o, Kennedy, Bosa, Rafael Uribe, Usme, San Crist\u00f3bal, Tunjuelito, Ciudad Bol\u00edvar. Adem\u00e1s nuestra entrega a domicilio es Gratis!","og_url":"https:\/\/sanangel.com.co\/cali\/nosotros\/","og_site_name":"San Angel CALI | Flores &amp; Regalos","article_publisher":"http:\/\/facebook.com\/sanangelflores","article_modified_time":"2023-09-21T21:29:49+00:00","twitter_card":"summary_large_image","twitter_misc":{"Tiempo de lectura":"2 minutos"},"schema":{"@context":"https:\/\/schema.org","@graph":[{"@type":"WebPage","@id":"https:\/\/sanangel.com.co\/cali\/nosotros\/","url":"https:\/\/sanangel.com.co\/cali\/nosotros\/","name":"Sobre Floristeria San Angel Bogota - San Angel CALI | Flores &amp; Regalos","isPartOf":{"@id":"https:\/\/sanangel.com.co\/cali\/#website"},"datePublished":"2020-02-03T17:22:55+00:00","dateModified":"2023-09-21T21:29:49+00:00","description":"San Angel florister\u00edas Bogot\u00e1 nace despu\u00e9s de alcanzar 5 a\u00f1os de experiencia en la ciudad de Medell\u00edn y entregar m\u00e1s de 15.000 arreglos florales con \u00e9xito, muchos de nuestros clientes nos ped\u00edan llegar a la ciudad de Bogot\u00e1 y decidimos emprender con San Angel Bogot\u00e1. Por nuestro modelo de negocios basado en nuestra plataforma web, en la ciudad de Bogot\u00e1 no tenemos atenci\u00f3n al publico, en nuestro taller ubicado en Las Am\u00e9ricas realizamos arreglos florales con flores hermosas y las enviamos a domicilio a casi todas las localidades de Bogot\u00e1, incluidas Usaqu\u00e9n, Suba, Chapinero, Barrios Unidos, Teusaquillo, Engativ\u00e1, Fontib\u00f3n, Puente Aranda, Candelaria, M\u00e1rtires, Antonio Nari\u00f1o, Kennedy, Bosa, Rafael Uribe, Usme, San Crist\u00f3bal, Tunjuelito, Ciudad Bol\u00edvar. Adem\u00e1s nuestra entrega a domicilio es Gratis!","breadcrumb":{"@id":"https:\/\/sanangel.com.co\/cali\/nosotros\/#breadcrumb"},"inLanguage":"es","potentialAction":[{"@type":"ReadAction","target":["https:\/\/sanangel.com.co\/cali\/nosotros\/"]}]},{"@type":"BreadcrumbList","@id":"https:\/\/sanangel.com.co\/cali\/nosotros\/#breadcrumb","itemListElement":[{"@type":"ListItem","position":1,"name":"Portada","item":"https:\/\/sanangel.com.co\/cali\/"},{"@type":"ListItem","position":2,"name":"Nosotros"}]},{"@type":"WebSite","@id":"https:\/\/sanangel.com.co\/cali\/#website","url":"https:\/\/sanangel.com.co\/cali\/","name":"Floristerias en Cali, Flores a domicilio","description":"Floristerias Cali, Flores en Cali, Flores a domicilio Cali - San Angel","publisher":{"@id":"https:\/\/sanangel.com.co\/cali\/#organization"},"alternateName":"San Angel Cali","potentialAction":[{"@type":"SearchAction","target":{"@type":"EntryPoint","urlTemplate":"https:\/\/sanangel.com.co\/cali\/?s={search_term_string}"},"query-input":"required name=search_term_string"}],"inLanguage":"es"},{"@type":"Organization","@id":"https:\/\/sanangel.com.co\/cali\/#organization","name":"San Angel Cali","url":"https:\/\/sanangel.com.co\/cali\/","logo":{"@type":"ImageObject","inLanguage":"es","@id":"https:\/\/sanangel.com.co\/cali\/#\/schema\/logo\/image\/","url":"https:\/\/sanangel.com.co\/cali\/wp-content\/uploads\/2019\/06\/san-angel-mas-que-un-mensaje-muchos-sentimientos.jpg","contentUrl":"https:\/\/sanangel.com.co\/cali\/wp-content\/uploads\/2019\/06\/san-angel-mas-que-un-mensaje-muchos-sentimientos.jpg","width":400,"height":612,"caption":"San Angel Cali"},"image":{"@id":"https:\/\/sanangel.com.co\/cali\/#\/schema\/logo\/image\/"},"sameAs":["http:\/\/instagram.com\/sanangelflores","http:\/\/facebook.com\/sanangelflores"]}]}},"_links":{"self":[{"href":"https:\/\/sanangel.com.co\/cali\/wp-json\/wp\/v2\/pages\/6346"}],"collection":[{"href":"https:\/\/sanangel.com.co\/cali\/wp-json\/wp\/v2\/pages"}],"about":[{"href":"https:\/\/sanangel.com.co\/cali\/wp-json\/wp\/v2\/types\/page"}],"author":[{"embeddable":true,"href":"https:\/\/sanangel.com.co\/cali\/wp-json\/wp\/v2\/users\/1"}],"replies":[{"embeddable":true,"href":"https:\/\/sanangel.com.co\/cali\/wp-json\/wp\/v2\/comments?post=6346"}],"version-history":[{"count":13,"href":"https:\/\/sanangel.com.co\/cali\/wp-json\/wp\/v2\/pages\/6346\/revisions"}],"predecessor-version":[{"id":14008,"href":"https:\/\/sanangel.com.co\/cali\/wp-json\/wp\/v2\/pages\/6346\/revisions\/14008"}],"wp:attachment":[{"href":"https:\/\/sanangel.com.co\/cali\/wp-json\/wp\/v2\/media?parent=6346"}],"curies":[{"name":"wp","href":"https:\/\/api.w.org\/{rel}","templated":true}]}}