{"id":895,"date":"2019-02-12T17:07:13","date_gmt":"2019-02-12T22:07:13","guid":{"rendered":"https:\/\/sanangel.com.co\/bogota-new\/producto\/reino-de-suenos-premium\/"},"modified":"2025-11-12T17:11:03","modified_gmt":"2025-11-12T22:11:03","slug":"reino-de-suenos-premium","status":"publish","type":"product","link":"https:\/\/sanangel.com.co\/cali\/producto\/reino-de-suenos-premium\/","title":{"rendered":"Reino de sue\u00f1os premium"},"content":{"rendered":"<p>Version premium del Reino de Sue\u00f1os, Env\u00eda este hermoso cubo con 49 rosas y mu\u00e9strale lo que estas sintiendo, su reacci\u00f3n har\u00e1 que valga la pena. Un espectacular ramos de flores de San Angel.<\/p>\n<p>En este dise\u00f1o moderno las flores vienen en una caja decorativa con forma de cubo color beige Majestic amarrada con cintas y mo\u00f1o.<\/p>\n<p>Esta caja de rosas es un regalo de buen gusto, ideal para ocasiones rom\u00e1nticas, cumplea\u00f1os o aniversarios.<\/p>\n<p>&#8211; Medidas de la caja: 30 cm largo, 30 cm ancho, 30 cm alto<\/p>\n<p>&#8211; 49 de rosas naturales<\/p>\n<p>&#8211; Tarjeta con mensaje que usted desee<\/p>\n<p>&nbsp;<\/p>\n","protected":false},"excerpt":{"rendered":"<p>Version premium del Reino de Sue\u00f1os, Env\u00edo este hermoso cubo con 49 rosas. Base cubo decorativo. Env\u00edo gratis dentro de Cali. Incluye tarjeta con mensaje.<\/p>\n","protected":false},"featured_media":13827,"template":"","meta":{"inline_featured_image":false},"product_cat":[70,87,24,28,36,43,25],"product_tag":[],"yoast_head":"<!-- This site is optimized with the Yoast SEO plugin v19.12 - https:\/\/yoast.com\/wordpress\/plugins\/seo\/ -->\n<title>Reino de sue\u00f1os premium - San Angel CALI | Flores &amp; Regalos<\/title>\n<meta name=\"description\" content=\"Rosas Cali - Reino de sue\u00f1os premium, Version premium del Reino de Sue\u00f1os, Envia este hermoso cubo con 49 rosas, ramos de flores de San Angel.\" \/>\n<meta name=\"robots\" content=\"index, follow, max-snippet:-1, max-image-preview:large, max-video-preview:-1\" \/>\n<link rel=\"canonical\" href=\"https:\/\/sanangel.com.co\/cali\/producto\/reino-de-suenos-premium\/\" \/>\n<meta property=\"og:locale\" content=\"es_ES\" \/>\n<meta property=\"og:type\" content=\"article\" \/>\n<meta property=\"og:title\" content=\"Reino de sue\u00f1os premium - San Angel CALI | Flores &amp; Regalos\" \/>\n<meta property=\"og:description\" content=\"Rosas Cali - Reino de sue\u00f1os premium, Version premium del Reino de Sue\u00f1os, Envia este hermoso cubo con 49 rosas, ramos de flores de San Angel.\" \/>\n<meta property=\"og:url\" content=\"https:\/\/sanangel.com.co\/cali\/producto\/reino-de-suenos-premium\/\" \/>\n<meta property=\"og:site_name\" content=\"San Angel CALI | Flores &amp; Regalos\" \/>\n<meta property=\"article:publisher\" content=\"http:\/\/facebook.com\/sanangelflores\" \/>\n<meta property=\"article:modified_time\" content=\"2025-11-12T22:11:03+00:00\" \/>\n<meta property=\"og:image\" content=\"https:\/\/sanangel.com.co\/cali\/wp-content\/uploads\/2019\/02\/reino-p.jpg\" \/>\n\t<meta property=\"og:image:width\" content=\"800\" \/>\n\t<meta property=\"og:image:height\" content=\"800\" \/>\n\t<meta property=\"og:image:type\" content=\"image\/jpeg\" \/>\n<meta name=\"twitter:card\" content=\"summary_large_image\" \/>\n<meta name=\"twitter:label1\" content=\"Tiempo de lectura\" \/>\n\t<meta name=\"twitter:data1\" content=\"1 minuto\" \/>\n<script type=\"application\/ld+json\" class=\"yoast-schema-graph\">{\"@context\":\"https:\/\/schema.org\",\"@graph\":[{\"@type\":\"WebPage\",\"@id\":\"https:\/\/sanangel.com.co\/cali\/producto\/reino-de-suenos-premium\/\",\"url\":\"https:\/\/sanangel.com.co\/cali\/producto\/reino-de-suenos-premium\/\",\"name\":\"Reino de sue\u00f1os premium - San Angel CALI | Flores &amp; Regalos\",\"isPartOf\":{\"@id\":\"https:\/\/sanangel.com.co\/cali\/#website\"},\"datePublished\":\"2019-02-12T22:07:13+00:00\",\"dateModified\":\"2025-11-12T22:11:03+00:00\",\"description\":\"Rosas Cali - Reino de sue\u00f1os premium, Version premium del Reino de Sue\u00f1os, Envia este hermoso cubo con 49 rosas, ramos de flores de San Angel.\",\"breadcrumb\":{\"@id\":\"https:\/\/sanangel.com.co\/cali\/producto\/reino-de-suenos-premium\/#breadcrumb\"},\"inLanguage\":\"es\",\"potentialAction\":[{\"@type\":\"ReadAction\",\"target\":[\"https:\/\/sanangel.com.co\/cali\/producto\/reino-de-suenos-premium\/\"]}]},{\"@type\":\"BreadcrumbList\",\"@id\":\"https:\/\/sanangel.com.co\/cali\/producto\/reino-de-suenos-premium\/#breadcrumb\",\"itemListElement\":[{\"@type\":\"ListItem\",\"position\":1,\"name\":\"Portada\",\"item\":\"https:\/\/sanangel.com.co\/cali\/\"},{\"@type\":\"ListItem\",\"position\":2,\"name\":\"Tienda\",\"item\":\"https:\/\/sanangel.com.co\/cali\/tienda\/\"},{\"@type\":\"ListItem\",\"position\":3,\"name\":\"Reino de sue\u00f1os premium\"}]},{\"@type\":\"WebSite\",\"@id\":\"https:\/\/sanangel.com.co\/cali\/#website\",\"url\":\"https:\/\/sanangel.com.co\/cali\/\",\"name\":\"Floristerias en Cali, Flores a domicilio\",\"description\":\"Floristerias Cali, Flores en Cali, Flores a domicilio Cali - San Angel\",\"publisher\":{\"@id\":\"https:\/\/sanangel.com.co\/cali\/#organization\"},\"alternateName\":\"San Angel Cali\",\"potentialAction\":[{\"@type\":\"SearchAction\",\"target\":{\"@type\":\"EntryPoint\",\"urlTemplate\":\"https:\/\/sanangel.com.co\/cali\/?s={search_term_string}\"},\"query-input\":\"required name=search_term_string\"}],\"inLanguage\":\"es\"},{\"@type\":\"Organization\",\"@id\":\"https:\/\/sanangel.com.co\/cali\/#organization\",\"name\":\"San Angel Cali\",\"url\":\"https:\/\/sanangel.com.co\/cali\/\",\"logo\":{\"@type\":\"ImageObject\",\"inLanguage\":\"es\",\"@id\":\"https:\/\/sanangel.com.co\/cali\/#\/schema\/logo\/image\/\",\"url\":\"https:\/\/sanangel.com.co\/cali\/wp-content\/uploads\/2019\/06\/san-angel-mas-que-un-mensaje-muchos-sentimientos.jpg\",\"contentUrl\":\"https:\/\/sanangel.com.co\/cali\/wp-content\/uploads\/2019\/06\/san-angel-mas-que-un-mensaje-muchos-sentimientos.jpg\",\"width\":400,\"height\":612,\"caption\":\"San Angel Cali\"},\"image\":{\"@id\":\"https:\/\/sanangel.com.co\/cali\/#\/schema\/logo\/image\/\"},\"sameAs\":[\"http:\/\/instagram.com\/sanangelflores\",\"http:\/\/facebook.com\/sanangelflores\"]}]}<\/script>\n<!-- \/ Yoast SEO plugin. -->","yoast_head_json":{"title":"Reino de sue\u00f1os premium - San Angel CALI | Flores &amp; Regalos","description":"Rosas Cali - Reino de sue\u00f1os premium, Version premium del Reino de Sue\u00f1os, Envia este hermoso cubo con 49 rosas, ramos de flores de San Angel.","robots":{"index":"index","follow":"follow","max-snippet":"max-snippet:-1","max-image-preview":"max-image-preview:large","max-video-preview":"max-video-preview:-1"},"canonical":"https:\/\/sanangel.com.co\/cali\/producto\/reino-de-suenos-premium\/","og_locale":"es_ES","og_type":"article","og_title":"Reino de sue\u00f1os premium - San Angel CALI | Flores &amp; Regalos","og_description":"Rosas Cali - Reino de sue\u00f1os premium, Version premium del Reino de Sue\u00f1os, Envia este hermoso cubo con 49 rosas, ramos de flores de San Angel.","og_url":"https:\/\/sanangel.com.co\/cali\/producto\/reino-de-suenos-premium\/","og_site_name":"San Angel CALI | Flores &amp; Regalos","article_publisher":"http:\/\/facebook.com\/sanangelflores","article_modified_time":"2025-11-12T22:11:03+00:00","og_image":[{"width":800,"height":800,"url":"https:\/\/sanangel.com.co\/cali\/wp-content\/uploads\/2019\/02\/reino-p.jpg","type":"image\/jpeg"}],"twitter_card":"summary_large_image","twitter_misc":{"Tiempo de lectura":"1 minuto"},"schema":{"@context":"https:\/\/schema.org","@graph":[{"@type":"WebPage","@id":"https:\/\/sanangel.com.co\/cali\/producto\/reino-de-suenos-premium\/","url":"https:\/\/sanangel.com.co\/cali\/producto\/reino-de-suenos-premium\/","name":"Reino de sue\u00f1os premium - San Angel CALI | Flores &amp; Regalos","isPartOf":{"@id":"https:\/\/sanangel.com.co\/cali\/#website"},"datePublished":"2019-02-12T22:07:13+00:00","dateModified":"2025-11-12T22:11:03+00:00","description":"Rosas Cali - Reino de sue\u00f1os premium, Version premium del Reino de Sue\u00f1os, Envia este hermoso cubo con 49 rosas, ramos de flores de San Angel.","breadcrumb":{"@id":"https:\/\/sanangel.com.co\/cali\/producto\/reino-de-suenos-premium\/#breadcrumb"},"inLanguage":"es","potentialAction":[{"@type":"ReadAction","target":["https:\/\/sanangel.com.co\/cali\/producto\/reino-de-suenos-premium\/"]}]},{"@type":"BreadcrumbList","@id":"https:\/\/sanangel.com.co\/cali\/producto\/reino-de-suenos-premium\/#breadcrumb","itemListElement":[{"@type":"ListItem","position":1,"name":"Portada","item":"https:\/\/sanangel.com.co\/cali\/"},{"@type":"ListItem","position":2,"name":"Tienda","item":"https:\/\/sanangel.com.co\/cali\/tienda\/"},{"@type":"ListItem","position":3,"name":"Reino de sue\u00f1os premium"}]},{"@type":"WebSite","@id":"https:\/\/sanangel.com.co\/cali\/#website","url":"https:\/\/sanangel.com.co\/cali\/","name":"Floristerias en Cali, Flores a domicilio","description":"Floristerias Cali, Flores en Cali, Flores a domicilio Cali - San Angel","publisher":{"@id":"https:\/\/sanangel.com.co\/cali\/#organization"},"alternateName":"San Angel Cali","potentialAction":[{"@type":"SearchAction","target":{"@type":"EntryPoint","urlTemplate":"https:\/\/sanangel.com.co\/cali\/?s={search_term_string}"},"query-input":"required name=search_term_string"}],"inLanguage":"es"},{"@type":"Organization","@id":"https:\/\/sanangel.com.co\/cali\/#organization","name":"San Angel Cali","url":"https:\/\/sanangel.com.co\/cali\/","logo":{"@type":"ImageObject","inLanguage":"es","@id":"https:\/\/sanangel.com.co\/cali\/#\/schema\/logo\/image\/","url":"https:\/\/sanangel.com.co\/cali\/wp-content\/uploads\/2019\/06\/san-angel-mas-que-un-mensaje-muchos-sentimientos.jpg","contentUrl":"https:\/\/sanangel.com.co\/cali\/wp-content\/uploads\/2019\/06\/san-angel-mas-que-un-mensaje-muchos-sentimientos.jpg","width":400,"height":612,"caption":"San Angel Cali"},"image":{"@id":"https:\/\/sanangel.com.co\/cali\/#\/schema\/logo\/image\/"},"sameAs":["http:\/\/instagram.com\/sanangelflores","http:\/\/facebook.com\/sanangelflores"]}]}},"_links":{"self":[{"href":"https:\/\/sanangel.com.co\/cali\/wp-json\/wp\/v2\/product\/895"}],"collection":[{"href":"https:\/\/sanangel.com.co\/cali\/wp-json\/wp\/v2\/product"}],"about":[{"href":"https:\/\/sanangel.com.co\/cali\/wp-json\/wp\/v2\/types\/product"}],"wp:featuredmedia":[{"embeddable":true,"href":"https:\/\/sanangel.com.co\/cali\/wp-json\/wp\/v2\/media\/13827"}],"wp:attachment":[{"href":"https:\/\/sanangel.com.co\/cali\/wp-json\/wp\/v2\/media?parent=895"}],"wp:term":[{"taxonomy":"product_cat","embeddable":true,"href":"https:\/\/sanangel.com.co\/cali\/wp-json\/wp\/v2\/product_cat?post=895"},{"taxonomy":"product_tag","embeddable":true,"href":"https:\/\/sanangel.com.co\/cali\/wp-json\/wp\/v2\/product_tag?post=895"}],"curies":[{"name":"wp","href":"https:\/\/api.w.org\/{rel}","templated":true}]}}