{"id":959,"date":"2019-02-12T17:07:21","date_gmt":"2019-02-12T22:07:21","guid":{"rendered":"https:\/\/sanangel.com.co\/bogota-new\/producto\/escala\/"},"modified":"2025-11-12T17:04:01","modified_gmt":"2025-11-12T22:04:01","slug":"escala","status":"publish","type":"product","link":"https:\/\/sanangel.com.co\/cali\/producto\/escala\/","title":{"rendered":"Escala"},"content":{"rendered":"<p>&#8211; Env\u00eda toda la alegr\u00eda y calidez de los Girasoles con este lindo dise\u00f1o floral<\/p>\n<p>INCLUYE:<\/p>\n<p>&#8211; Arreglo floral con 10 Girasoles, acompa\u00f1ados de helecho cuero, ruscus, solidago, helic\u00f3pteros dise\u00f1ado especialmente por nuestras floristas expertas<\/p>\n<p>&#8211; Base en madera y tarjeta con mensaje<\/p>\n<p>&#8211; Medidas: 40 cm ancho por 75 de alto aprox.<\/p>\n","protected":false},"excerpt":{"rendered":"<p>&#8211; Env\u00eda toda la alegr\u00eda y calidez de los Girasoles con San Angel, floristeria, Arreglo floral con 10 Girasoles, acompa\u00f1ados de helecho cuero, ruscus, solidago, helic\u00f3pteros dise\u00f1ado especialmente por nuestras floristas expertas. Env\u00edo gratis dentro de Cali.<\/p>\n","protected":false},"featured_media":2030,"template":"","meta":{"inline_featured_image":false},"product_cat":[44],"product_tag":[],"yoast_head":"<!-- This site is optimized with the Yoast SEO plugin v19.12 - https:\/\/yoast.com\/wordpress\/plugins\/seo\/ -->\n<title>Ramo de girasoles - Escala - San Angel CALI | Flores &amp; Regalos<\/title>\n<meta name=\"description\" content=\"Ramo de girasoles bogota - Escala, Env\u00eda toda la alegr\u00eda y calidez de los Girasoles con San Angel, floristeria, Arreglo floral con 10 Girasoles, acompa\u00f1ados de helecho cuero, ruscus, solidago, helic\u00f3pteros, arreglo floral girasoles bogota\" \/>\n<meta name=\"robots\" content=\"index, follow, max-snippet:-1, max-image-preview:large, max-video-preview:-1\" \/>\n<link rel=\"canonical\" href=\"https:\/\/sanangel.com.co\/cali\/producto\/escala\/\" \/>\n<meta property=\"og:locale\" content=\"es_ES\" \/>\n<meta property=\"og:type\" content=\"article\" \/>\n<meta property=\"og:title\" content=\"Ramo de girasoles - Escala - San Angel CALI | Flores &amp; Regalos\" \/>\n<meta property=\"og:description\" content=\"Ramo de girasoles bogota - Escala, Env\u00eda toda la alegr\u00eda y calidez de los Girasoles con San Angel, floristeria, Arreglo floral con 10 Girasoles, acompa\u00f1ados de helecho cuero, ruscus, solidago, helic\u00f3pteros, arreglo floral girasoles bogota\" \/>\n<meta property=\"og:url\" content=\"https:\/\/sanangel.com.co\/cali\/producto\/escala\/\" \/>\n<meta property=\"og:site_name\" content=\"San Angel CALI | Flores &amp; Regalos\" \/>\n<meta property=\"article:publisher\" content=\"http:\/\/facebook.com\/sanangelflores\" \/>\n<meta property=\"article:modified_time\" content=\"2025-11-12T22:04:01+00:00\" \/>\n<meta property=\"og:image\" content=\"https:\/\/sanangel.com.co\/cali\/wp-content\/uploads\/2019\/02\/244_ESCALA.jpg\" \/>\n\t<meta property=\"og:image:width\" content=\"800\" \/>\n\t<meta property=\"og:image:height\" content=\"800\" \/>\n\t<meta property=\"og:image:type\" content=\"image\/jpeg\" \/>\n<meta name=\"twitter:card\" content=\"summary_large_image\" \/>\n<script type=\"application\/ld+json\" class=\"yoast-schema-graph\">{\"@context\":\"https:\/\/schema.org\",\"@graph\":[{\"@type\":\"WebPage\",\"@id\":\"https:\/\/sanangel.com.co\/cali\/producto\/escala\/\",\"url\":\"https:\/\/sanangel.com.co\/cali\/producto\/escala\/\",\"name\":\"Ramo de girasoles - Escala - San Angel CALI | Flores &amp; Regalos\",\"isPartOf\":{\"@id\":\"https:\/\/sanangel.com.co\/cali\/#website\"},\"datePublished\":\"2019-02-12T22:07:21+00:00\",\"dateModified\":\"2025-11-12T22:04:01+00:00\",\"description\":\"Ramo de girasoles bogota - Escala, Env\u00eda toda la alegr\u00eda y calidez de los Girasoles con San Angel, floristeria, Arreglo floral con 10 Girasoles, acompa\u00f1ados de helecho cuero, ruscus, solidago, helic\u00f3pteros, arreglo floral girasoles bogota\",\"breadcrumb\":{\"@id\":\"https:\/\/sanangel.com.co\/cali\/producto\/escala\/#breadcrumb\"},\"inLanguage\":\"es\",\"potentialAction\":[{\"@type\":\"ReadAction\",\"target\":[\"https:\/\/sanangel.com.co\/cali\/producto\/escala\/\"]}]},{\"@type\":\"BreadcrumbList\",\"@id\":\"https:\/\/sanangel.com.co\/cali\/producto\/escala\/#breadcrumb\",\"itemListElement\":[{\"@type\":\"ListItem\",\"position\":1,\"name\":\"Portada\",\"item\":\"https:\/\/sanangel.com.co\/cali\/\"},{\"@type\":\"ListItem\",\"position\":2,\"name\":\"Tienda\",\"item\":\"https:\/\/sanangel.com.co\/cali\/tienda\/\"},{\"@type\":\"ListItem\",\"position\":3,\"name\":\"Escala\"}]},{\"@type\":\"WebSite\",\"@id\":\"https:\/\/sanangel.com.co\/cali\/#website\",\"url\":\"https:\/\/sanangel.com.co\/cali\/\",\"name\":\"Floristerias en Cali, Flores a domicilio\",\"description\":\"Floristerias Cali, Flores en Cali, Flores a domicilio Cali - San Angel\",\"publisher\":{\"@id\":\"https:\/\/sanangel.com.co\/cali\/#organization\"},\"alternateName\":\"San Angel Cali\",\"potentialAction\":[{\"@type\":\"SearchAction\",\"target\":{\"@type\":\"EntryPoint\",\"urlTemplate\":\"https:\/\/sanangel.com.co\/cali\/?s={search_term_string}\"},\"query-input\":\"required name=search_term_string\"}],\"inLanguage\":\"es\"},{\"@type\":\"Organization\",\"@id\":\"https:\/\/sanangel.com.co\/cali\/#organization\",\"name\":\"San Angel Cali\",\"url\":\"https:\/\/sanangel.com.co\/cali\/\",\"logo\":{\"@type\":\"ImageObject\",\"inLanguage\":\"es\",\"@id\":\"https:\/\/sanangel.com.co\/cali\/#\/schema\/logo\/image\/\",\"url\":\"https:\/\/sanangel.com.co\/cali\/wp-content\/uploads\/2019\/06\/san-angel-mas-que-un-mensaje-muchos-sentimientos.jpg\",\"contentUrl\":\"https:\/\/sanangel.com.co\/cali\/wp-content\/uploads\/2019\/06\/san-angel-mas-que-un-mensaje-muchos-sentimientos.jpg\",\"width\":400,\"height\":612,\"caption\":\"San Angel Cali\"},\"image\":{\"@id\":\"https:\/\/sanangel.com.co\/cali\/#\/schema\/logo\/image\/\"},\"sameAs\":[\"http:\/\/instagram.com\/sanangelflores\",\"http:\/\/facebook.com\/sanangelflores\"]}]}<\/script>\n<!-- \/ Yoast SEO plugin. -->","yoast_head_json":{"title":"Ramo de girasoles - Escala - San Angel CALI | Flores &amp; Regalos","description":"Ramo de girasoles bogota - Escala, Env\u00eda toda la alegr\u00eda y calidez de los Girasoles con San Angel, floristeria, Arreglo floral con 10 Girasoles, acompa\u00f1ados de helecho cuero, ruscus, solidago, helic\u00f3pteros, arreglo floral girasoles bogota","robots":{"index":"index","follow":"follow","max-snippet":"max-snippet:-1","max-image-preview":"max-image-preview:large","max-video-preview":"max-video-preview:-1"},"canonical":"https:\/\/sanangel.com.co\/cali\/producto\/escala\/","og_locale":"es_ES","og_type":"article","og_title":"Ramo de girasoles - Escala - San Angel CALI | Flores &amp; Regalos","og_description":"Ramo de girasoles bogota - Escala, Env\u00eda toda la alegr\u00eda y calidez de los Girasoles con San Angel, floristeria, Arreglo floral con 10 Girasoles, acompa\u00f1ados de helecho cuero, ruscus, solidago, helic\u00f3pteros, arreglo floral girasoles bogota","og_url":"https:\/\/sanangel.com.co\/cali\/producto\/escala\/","og_site_name":"San Angel CALI | Flores &amp; Regalos","article_publisher":"http:\/\/facebook.com\/sanangelflores","article_modified_time":"2025-11-12T22:04:01+00:00","og_image":[{"width":800,"height":800,"url":"https:\/\/sanangel.com.co\/cali\/wp-content\/uploads\/2019\/02\/244_ESCALA.jpg","type":"image\/jpeg"}],"twitter_card":"summary_large_image","schema":{"@context":"https:\/\/schema.org","@graph":[{"@type":"WebPage","@id":"https:\/\/sanangel.com.co\/cali\/producto\/escala\/","url":"https:\/\/sanangel.com.co\/cali\/producto\/escala\/","name":"Ramo de girasoles - Escala - San Angel CALI | Flores &amp; Regalos","isPartOf":{"@id":"https:\/\/sanangel.com.co\/cali\/#website"},"datePublished":"2019-02-12T22:07:21+00:00","dateModified":"2025-11-12T22:04:01+00:00","description":"Ramo de girasoles bogota - Escala, Env\u00eda toda la alegr\u00eda y calidez de los Girasoles con San Angel, floristeria, Arreglo floral con 10 Girasoles, acompa\u00f1ados de helecho cuero, ruscus, solidago, helic\u00f3pteros, arreglo floral girasoles bogota","breadcrumb":{"@id":"https:\/\/sanangel.com.co\/cali\/producto\/escala\/#breadcrumb"},"inLanguage":"es","potentialAction":[{"@type":"ReadAction","target":["https:\/\/sanangel.com.co\/cali\/producto\/escala\/"]}]},{"@type":"BreadcrumbList","@id":"https:\/\/sanangel.com.co\/cali\/producto\/escala\/#breadcrumb","itemListElement":[{"@type":"ListItem","position":1,"name":"Portada","item":"https:\/\/sanangel.com.co\/cali\/"},{"@type":"ListItem","position":2,"name":"Tienda","item":"https:\/\/sanangel.com.co\/cali\/tienda\/"},{"@type":"ListItem","position":3,"name":"Escala"}]},{"@type":"WebSite","@id":"https:\/\/sanangel.com.co\/cali\/#website","url":"https:\/\/sanangel.com.co\/cali\/","name":"Floristerias en Cali, Flores a domicilio","description":"Floristerias Cali, Flores en Cali, Flores a domicilio Cali - San Angel","publisher":{"@id":"https:\/\/sanangel.com.co\/cali\/#organization"},"alternateName":"San Angel Cali","potentialAction":[{"@type":"SearchAction","target":{"@type":"EntryPoint","urlTemplate":"https:\/\/sanangel.com.co\/cali\/?s={search_term_string}"},"query-input":"required name=search_term_string"}],"inLanguage":"es"},{"@type":"Organization","@id":"https:\/\/sanangel.com.co\/cali\/#organization","name":"San Angel Cali","url":"https:\/\/sanangel.com.co\/cali\/","logo":{"@type":"ImageObject","inLanguage":"es","@id":"https:\/\/sanangel.com.co\/cali\/#\/schema\/logo\/image\/","url":"https:\/\/sanangel.com.co\/cali\/wp-content\/uploads\/2019\/06\/san-angel-mas-que-un-mensaje-muchos-sentimientos.jpg","contentUrl":"https:\/\/sanangel.com.co\/cali\/wp-content\/uploads\/2019\/06\/san-angel-mas-que-un-mensaje-muchos-sentimientos.jpg","width":400,"height":612,"caption":"San Angel Cali"},"image":{"@id":"https:\/\/sanangel.com.co\/cali\/#\/schema\/logo\/image\/"},"sameAs":["http:\/\/instagram.com\/sanangelflores","http:\/\/facebook.com\/sanangelflores"]}]}},"_links":{"self":[{"href":"https:\/\/sanangel.com.co\/cali\/wp-json\/wp\/v2\/product\/959"}],"collection":[{"href":"https:\/\/sanangel.com.co\/cali\/wp-json\/wp\/v2\/product"}],"about":[{"href":"https:\/\/sanangel.com.co\/cali\/wp-json\/wp\/v2\/types\/product"}],"wp:featuredmedia":[{"embeddable":true,"href":"https:\/\/sanangel.com.co\/cali\/wp-json\/wp\/v2\/media\/2030"}],"wp:attachment":[{"href":"https:\/\/sanangel.com.co\/cali\/wp-json\/wp\/v2\/media?parent=959"}],"wp:term":[{"taxonomy":"product_cat","embeddable":true,"href":"https:\/\/sanangel.com.co\/cali\/wp-json\/wp\/v2\/product_cat?post=959"},{"taxonomy":"product_tag","embeddable":true,"href":"https:\/\/sanangel.com.co\/cali\/wp-json\/wp\/v2\/product_tag?post=959"}],"curies":[{"name":"wp","href":"https:\/\/api.w.org\/{rel}","templated":true}]}}